{"id":166,"date":"2025-07-02T21:22:36","date_gmt":"2025-07-02T21:22:36","guid":{"rendered":"https:\/\/fixpagprueba.fixgroup.net\/?page_id=166"},"modified":"2025-07-22T14:34:32","modified_gmt":"2025-07-22T14:34:32","slug":"procesamiento-de-video","status":"publish","type":"page","link":"https:\/\/fixpagprueba.fixgroup.net\/?page_id=166","title":{"rendered":"Procesamiento de Video"},"content":{"rendered":"\t\t<div data-elementor-type=\"wp-page\" data-elementor-id=\"166\" class=\"elementor elementor-166\">\n\t\t\t\t<div class=\"elementor-element elementor-element-4e075d0 e-flex e-con-boxed e-con e-parent\" data-id=\"4e075d0\" data-element_type=\"container\" data-settings=\"{&quot;background_background&quot;:&quot;classic&quot;}\">\n\t\t\t\t\t<div class=\"e-con-inner\">\n\t\t\t\t<div class=\"elementor-element elementor-element-15881f9 elementor-widget elementor-widget-spacer\" data-id=\"15881f9\" data-element_type=\"widget\" data-widget_type=\"spacer.default\">\n\t\t\t\t<div class=\"elementor-widget-container\">\n\t\t\t\t\t\t\t<div class=\"elementor-spacer\">\n\t\t\t<div class=\"elementor-spacer-inner\"><\/div>\n\t\t<\/div>\n\t\t\t\t\t\t<\/div>\n\t\t\t\t<\/div>\n\t\t\t\t<div class=\"elementor-element elementor-element-a89463e elementor-widget elementor-widget-heading\" data-id=\"a89463e\" data-element_type=\"widget\" data-widget_type=\"heading.default\">\n\t\t\t\t<div class=\"elementor-widget-container\">\n\t\t\t\t\t<h2 class=\"elementor-heading-title elementor-size-default\">Procesamiento de Video Profesional con VuWall<\/h2>\t\t\t\t<\/div>\n\t\t\t\t<\/div>\n\t\t\t\t<div class=\"elementor-element elementor-element-eed2db7 elementor-widget elementor-widget-text-editor\" data-id=\"eed2db7\" data-element_type=\"widget\" data-widget_type=\"text-editor.default\">\n\t\t\t\t<div class=\"elementor-widget-container\">\n\t\t\t\t\t\t\t\t\t<p>La plataforma de procesamiento de video m\u00e1s flexible, segura y escalable del mercado.<\/p>\t\t\t\t\t\t\t\t<\/div>\n\t\t\t\t<\/div>\n\t\t\t\t<div class=\"elementor-element elementor-element-7e70cd9 elementor-widget elementor-widget-spacer\" data-id=\"7e70cd9\" data-element_type=\"widget\" data-widget_type=\"spacer.default\">\n\t\t\t\t<div class=\"elementor-widget-container\">\n\t\t\t\t\t\t\t<div class=\"elementor-spacer\">\n\t\t\t<div class=\"elementor-spacer-inner\"><\/div>\n\t\t<\/div>\n\t\t\t\t\t\t<\/div>\n\t\t\t\t<\/div>\n\t\t\t\t\t<\/div>\n\t\t\t\t<\/div>\n\t\t<div class=\"elementor-element elementor-element-535d34f e-flex e-con-boxed e-con e-parent\" data-id=\"535d34f\" data-element_type=\"container\">\n\t\t\t\t\t<div class=\"e-con-inner\">\n\t\t\t\t<div class=\"elementor-element elementor-element-0087a9b elementor-widget elementor-widget-text-editor\" data-id=\"0087a9b\" data-element_type=\"widget\" data-widget_type=\"text-editor.default\">\n\t\t\t\t<div class=\"elementor-widget-container\">\n\t\t\t\t\t\t\t\t\t<h6>\u00bfQu\u00e9 es el procesamiento de video?<\/h6><p data-start=\"682\" data-end=\"915\">El procesamiento de video convierte m\u00faltiples se\u00f1ales \u2014 c\u00e1maras, computadoras, flujos de red, dashboards \u2014 en una presentaci\u00f3n organizada y controlada visualmente.<br data-start=\"845\" data-end=\"848\" \/>Con <strong data-start=\"852\" data-end=\"862\">VuWall<\/strong>, este proceso se hace f\u00e1cil, modular y centralizado.<\/p><ul><li data-start=\"917\" data-end=\"1087\">Fuentes m\u00faltiples (HDMI, IP, AV-over-IP, NDI, SDVoE).<\/li><li data-start=\"917\" data-end=\"1087\">Escalado en tiempo real.<\/li><li data-start=\"917\" data-end=\"1087\">Superposici\u00f3n de contenidos y multiview.<\/li><li data-start=\"917\" data-end=\"1087\">Visualizaci\u00f3n sin latencia ni parpadeos.<\/li><\/ul>\t\t\t\t\t\t\t\t<\/div>\n\t\t\t\t<\/div>\n\t\t\t\t\t<\/div>\n\t\t\t\t<\/div>\n\t\t<div class=\"elementor-element elementor-element-47d7284 e-flex e-con-boxed e-con e-parent\" data-id=\"47d7284\" data-element_type=\"container\" data-settings=\"{&quot;background_background&quot;:&quot;classic&quot;}\">\n\t\t\t\t\t<div class=\"e-con-inner\">\n\t\t\t\t<div class=\"elementor-element elementor-element-50689ab elementor-widget elementor-widget-heading\" data-id=\"50689ab\" data-element_type=\"widget\" data-widget_type=\"heading.default\">\n\t\t\t\t<div class=\"elementor-widget-container\">\n\t\t\t\t\t<h2 class=\"elementor-heading-title elementor-size-default\"> Soluciones VuWall para procesamiento de video<\/h2>\t\t\t\t<\/div>\n\t\t\t\t<\/div>\n\t\t\t\t\t<\/div>\n\t\t\t\t<\/div>\n\t\t<div class=\"elementor-element elementor-element-e95d7ba e-grid e-con-boxed e-con e-parent\" data-id=\"e95d7ba\" data-element_type=\"container\">\n\t\t\t\t\t<div class=\"e-con-inner\">\n\t\t\t\t<div class=\"elementor-element elementor-element-4c5d737 elementor-widget elementor-widget-text-editor\" data-id=\"4c5d737\" data-element_type=\"widget\" data-widget_type=\"text-editor.default\">\n\t\t\t\t<div class=\"elementor-widget-container\">\n\t\t\t\t\t\t\t\t\t<h3 data-start=\"1147\" data-end=\"1195\"><strong data-start=\"1154\" data-end=\"1166\">VuScape\u2122<\/strong> \u2013 Procesador de Video Wall<\/h3><p data-start=\"1147\" data-end=\"1195\"><span style=\"font-size: 18px;\">Alto rendimiento para videowalls 24\/7 en salas cr\u00edticas<\/span><\/p><p data-start=\"1198\" data-end=\"1341\">Ideal para entornos donde se requiere decodificaci\u00f3n masiva y visualizaci\u00f3n perfecta.<\/p><ul data-start=\"1343\" data-end=\"1502\"><li data-start=\"1343\" data-end=\"1386\"><p data-start=\"1345\" data-end=\"1386\">Soporte para miles de fuentes IP\/HDMI\/NDI<\/p><\/li><li data-start=\"1387\" data-end=\"1416\"><p data-start=\"1389\" data-end=\"1416\">Resoluci\u00f3n 4K\/8K multicanal<\/p><\/li><li data-start=\"1417\" data-end=\"1455\"><p data-start=\"1419\" data-end=\"1455\">Compatible con contenido interactivo<\/p><\/li><li data-start=\"1456\" data-end=\"1502\"><p data-start=\"1458\" data-end=\"1502\">Operaci\u00f3n redundante con failover autom\u00e1tico<\/p><\/li><\/ul>\t\t\t\t\t\t\t\t<\/div>\n\t\t\t\t<\/div>\n\t\t\t\t<div class=\"elementor-element elementor-element-10cf9df elementor-widget elementor-widget-image\" data-id=\"10cf9df\" data-element_type=\"widget\" data-widget_type=\"image.default\">\n\t\t\t\t<div class=\"elementor-widget-container\">\n\t\t\t\t\t\t\t\t\t\t\t\t\t\t\t<img decoding=\"async\" width=\"300\" height=\"144\" src=\"https:\/\/fixpagprueba.fixgroup.net\/wp-content\/uploads\/2025\/07\/VuScape-removebg-preview-300x144.png\" class=\"attachment-medium size-medium wp-image-177\" alt=\"\" srcset=\"https:\/\/fixpagprueba.fixgroup.net\/wp-content\/uploads\/2025\/07\/VuScape-removebg-preview-300x144.png 300w, https:\/\/fixpagprueba.fixgroup.net\/wp-content\/uploads\/2025\/07\/VuScape-removebg-preview.png 722w\" sizes=\"(max-width: 300px) 100vw, 300px\" \/>\t\t\t\t\t\t\t\t\t\t\t\t\t\t\t<\/div>\n\t\t\t\t<\/div>\n\t\t\t\t<div class=\"elementor-element elementor-element-4a59e2c elementor-widget elementor-widget-html\" data-id=\"4a59e2c\" data-element_type=\"widget\" data-widget_type=\"html.default\">\n\t\t\t\t<div class=\"elementor-widget-container\">\n\t\t\t\t\t<a href=\"https:\/\/fixpagprueba.fixgroup.net\/wp-content\/uploads\/2025\/07\/VuWall_VuScape_Datasheet-ES.pdf\" download class=\"boton-descarga\">Descargar Datasheet<\/a>\r\n\r\n<style>\r\n.boton-descarga {\r\n  display: inline-block;\r\n  padding: 10px 20px;\r\n  background-color: #0073aa;\r\n  color: white;\r\n  text-decoration: none;\r\n  border-radius: 5px;\r\n  font-weight: bold;\r\n}\r\n\r\n.boton-descarga:hover {\r\n  background-color: #005177;\r\n}\r\n<\/style>\r\n\t\t\t\t<\/div>\n\t\t\t\t<\/div>\n\t\t\t\t\t<\/div>\n\t\t\t\t<\/div>\n\t\t<div class=\"elementor-element elementor-element-81c6453 e-grid e-con-boxed e-con e-parent\" data-id=\"81c6453\" data-element_type=\"container\" data-settings=\"{&quot;background_background&quot;:&quot;classic&quot;}\">\n\t\t\t\t\t<div class=\"e-con-inner\">\n\t\t\t\t<div class=\"elementor-element elementor-element-547da04 elementor-widget elementor-widget-image\" data-id=\"547da04\" data-element_type=\"widget\" data-widget_type=\"image.default\">\n\t\t\t\t<div class=\"elementor-widget-container\">\n\t\t\t\t\t\t\t\t\t\t\t\t\t\t\t<img decoding=\"async\" width=\"225\" height=\"99\" src=\"https:\/\/fixpagprueba.fixgroup.net\/wp-content\/uploads\/2025\/07\/pak-removebg-preview.png\" class=\"attachment-large size-large wp-image-178\" alt=\"\" \/>\t\t\t\t\t\t\t\t\t\t\t\t\t\t\t<\/div>\n\t\t\t\t<\/div>\n\t\t\t\t<div class=\"elementor-element elementor-element-5fa7478 elementor-widget elementor-widget-html\" data-id=\"5fa7478\" data-element_type=\"widget\" data-widget_type=\"html.default\">\n\t\t\t\t<div class=\"elementor-widget-container\">\n\t\t\t\t\t<a href=\"https:\/\/fixpagprueba.fixgroup.net\/wp-content\/uploads\/2025\/07\/VuWall_PAK_Datasheet_ES.pdf\" download class=\"boton-descarga\">Descargar Datasheet<\/a>\r\n\r\n<style>\r\n.boton-descarga {\r\n  display: inline-block;\r\n  padding: 10px 20px;\r\n  background-color: #0073aa;\r\n  color: white;\r\n  text-decoration: none;\r\n  border-radius: 5px;\r\n  font-weight: bold;\r\n}\r\n\r\n.boton-descarga:hover {\r\n  background-color: #005177;\r\n}\r\n<\/style>\r\n\t\t\t\t<\/div>\n\t\t\t\t<\/div>\n\t\t\t\t<div class=\"elementor-element elementor-element-59576fd elementor-widget elementor-widget-text-editor\" data-id=\"59576fd\" data-element_type=\"widget\" data-widget_type=\"text-editor.default\">\n\t\t\t\t<div class=\"elementor-widget-container\">\n\t\t\t\t\t\t\t\t\t<h3 data-start=\"1509\" data-end=\"1562\"><strong data-start=\"1516\" data-end=\"1530\">PAK\u2122 Nodes<\/strong> \u2013 Modularidad sin precedentes<\/h3><p data-start=\"1509\" data-end=\"1562\"><span style=\"font-size: 18px;\">Nodos compactos que procesan, sincronizan y distribuyen video IP<\/span><\/p><p data-start=\"1565\" data-end=\"1694\">F\u00e1cil de instalar, escalable sin matrices ni cables complejos.<\/p><ul data-start=\"1696\" data-end=\"1855\"><li data-start=\"1696\" data-end=\"1725\"><p data-start=\"1698\" data-end=\"1725\">1 nodo = hasta 8\u00d74K o 32\u00d7HD<\/p><\/li><li data-start=\"1726\" data-end=\"1768\"><p data-start=\"1728\" data-end=\"1768\">Sincronizaci\u00f3n entre m\u00faltiples pantallas<\/p><\/li><li data-start=\"1769\" data-end=\"1817\"><p data-start=\"1771\" data-end=\"1817\">Despliegue distribuido en red est\u00e1ndar (1 GbE)<\/p><\/li><li data-start=\"1818\" data-end=\"1855\"><p data-start=\"1820\" data-end=\"1855\">Ideal para salas medianas a grandes<\/p><\/li><\/ul>\t\t\t\t\t\t\t\t<\/div>\n\t\t\t\t<\/div>\n\t\t\t\t\t<\/div>\n\t\t\t\t<\/div>\n\t\t<div class=\"elementor-element elementor-element-c785aa2 e-grid e-con-boxed e-con e-parent\" data-id=\"c785aa2\" data-element_type=\"container\">\n\t\t\t\t\t<div class=\"e-con-inner\">\n\t\t\t\t<div class=\"elementor-element elementor-element-1c669a4 elementor-widget elementor-widget-text-editor\" data-id=\"1c669a4\" data-element_type=\"widget\" data-widget_type=\"text-editor.default\">\n\t\t\t\t<div class=\"elementor-widget-container\">\n\t\t\t\t\t\t\t\t\t<h3 data-start=\"1862\" data-end=\"1913\"><strong data-start=\"1869\" data-end=\"1886\">TRx\u2122 Platform<\/strong> \u2013 Gesti\u00f3n y orquestaci\u00f3n<\/h3><p data-start=\"1862\" data-end=\"1913\"><span style=\"font-size: 18px;\">Todo el poder de control AV\/KVM desde una sola plataforma<\/span><\/p><p data-start=\"1916\" data-end=\"2032\">Administra cada fuente, display y layout en tiempo real.<\/p><ul data-start=\"2034\" data-end=\"2246\"><li data-start=\"2034\" data-end=\"2085\"><p data-start=\"2036\" data-end=\"2085\">Control drag &amp; drop sin necesidad de programaci\u00f3n<\/p><\/li><li data-start=\"2086\" data-end=\"2143\"><p data-start=\"2088\" data-end=\"2143\">Integraci\u00f3n con c\u00e1maras, sistemas KVM, HDMI, SDVoE, NDI<\/p><\/li><li data-start=\"2144\" data-end=\"2189\"><p data-start=\"2146\" data-end=\"2189\">Gesti\u00f3n de usuarios, permisos, agendamiento<\/p><\/li><li data-start=\"2190\" data-end=\"2246\"><p data-start=\"2192\" data-end=\"2246\">Compatible con VuScape, PAK y dispositivos de terceros<\/p><\/li><\/ul>\t\t\t\t\t\t\t\t<\/div>\n\t\t\t\t<\/div>\n\t\t\t\t<div class=\"elementor-element elementor-element-9b7dfad elementor-widget elementor-widget-image\" data-id=\"9b7dfad\" data-element_type=\"widget\" data-widget_type=\"image.default\">\n\t\t\t\t<div class=\"elementor-widget-container\">\n\t\t\t\t\t\t\t\t\t\t\t\t\t\t\t<img fetchpriority=\"high\" decoding=\"async\" width=\"396\" height=\"237\" src=\"https:\/\/fixpagprueba.fixgroup.net\/wp-content\/uploads\/2025\/07\/TRX-removebg-preview.png\" class=\"attachment-large size-large wp-image-179\" alt=\"\" srcset=\"https:\/\/fixpagprueba.fixgroup.net\/wp-content\/uploads\/2025\/07\/TRX-removebg-preview.png 396w, https:\/\/fixpagprueba.fixgroup.net\/wp-content\/uploads\/2025\/07\/TRX-removebg-preview-300x180.png 300w\" sizes=\"(max-width: 396px) 100vw, 396px\" \/>\t\t\t\t\t\t\t\t\t\t\t\t\t\t\t<\/div>\n\t\t\t\t<\/div>\n\t\t\t\t<div class=\"elementor-element elementor-element-f946c59 elementor-widget elementor-widget-html\" data-id=\"f946c59\" data-element_type=\"widget\" data-widget_type=\"html.default\">\n\t\t\t\t<div class=\"elementor-widget-container\">\n\t\t\t\t\t<a href=\"https:\/\/fixpagprueba.fixgroup.net\/wp-content\/uploads\/2025\/07\/VuWall_TRx_Datasheet_ES.pdf\" download class=\"boton-descarga\">Descargar Datasheet<\/a>\r\n\r\n<style>\r\n.boton-descarga {\r\n  display: inline-block;\r\n  padding: 10px 20px;\r\n  background-color: #0073aa;\r\n  color: white;\r\n  text-decoration: none;\r\n  border-radius: 5px;\r\n  font-weight: bold;\r\n}\r\n\r\n.boton-descarga:hover {\r\n  background-color: #005177;\r\n}\r\n<\/style>\r\n\t\t\t\t<\/div>\n\t\t\t\t<\/div>\n\t\t\t\t<div class=\"elementor-element elementor-element-ef52e9c elementor-widget elementor-widget-spacer\" data-id=\"ef52e9c\" data-element_type=\"widget\" data-widget_type=\"spacer.default\">\n\t\t\t\t<div class=\"elementor-widget-container\">\n\t\t\t\t\t\t\t<div class=\"elementor-spacer\">\n\t\t\t<div class=\"elementor-spacer-inner\"><\/div>\n\t\t<\/div>\n\t\t\t\t\t\t<\/div>\n\t\t\t\t<\/div>\n\t\t\t\t\t<\/div>\n\t\t\t\t<\/div>\n\t\t<div class=\"elementor-element elementor-element-17a7c6a e-grid e-con-boxed e-con e-parent\" data-id=\"17a7c6a\" data-element_type=\"container\" data-settings=\"{&quot;background_background&quot;:&quot;classic&quot;}\">\n\t\t\t\t\t<div class=\"e-con-inner\">\n\t\t\t\t<div class=\"elementor-element elementor-element-3c5b52a elementor-widget elementor-widget-image\" data-id=\"3c5b52a\" data-element_type=\"widget\" data-widget_type=\"image.default\">\n\t\t\t\t<div class=\"elementor-widget-container\">\n\t\t\t\t\t\t\t\t\t\t\t\t\t\t\t<img loading=\"lazy\" decoding=\"async\" width=\"282\" height=\"192\" src=\"https:\/\/fixpagprueba.fixgroup.net\/wp-content\/uploads\/2025\/07\/ControlVu-removebg-preview.png\" class=\"attachment-large size-large wp-image-180\" alt=\"\" \/>\t\t\t\t\t\t\t\t\t\t\t\t\t\t\t<\/div>\n\t\t\t\t<\/div>\n\t\t\t\t<div class=\"elementor-element elementor-element-23525d9 elementor-widget elementor-widget-text-editor\" data-id=\"23525d9\" data-element_type=\"widget\" data-widget_type=\"text-editor.default\">\n\t\t\t\t<div class=\"elementor-widget-container\">\n\t\t\t\t\t\t\t\t\t<h3 data-start=\"2253\" data-end=\"2303\"><strong data-start=\"2260\" data-end=\"2274\">ControlVu\u2122<\/strong> \u2013 Panel t\u00e1ctil programable<\/h3><p data-start=\"2253\" data-end=\"2303\"><span style=\"font-size: 18px;\">Control local con botones t\u00e1ctiles personalizados<\/span><\/p><p data-start=\"2306\" data-end=\"2447\">Perfecto para lanzar layouts, escenarios de crisis o flujos de c\u00e1maras con un solo toque.<\/p>\t\t\t\t\t\t\t\t<\/div>\n\t\t\t\t<\/div>\n\t\t\t\t<div class=\"elementor-element elementor-element-08bef6b elementor-widget elementor-widget-spacer\" data-id=\"08bef6b\" data-element_type=\"widget\" data-widget_type=\"spacer.default\">\n\t\t\t\t<div class=\"elementor-widget-container\">\n\t\t\t\t\t\t\t<div class=\"elementor-spacer\">\n\t\t\t<div class=\"elementor-spacer-inner\"><\/div>\n\t\t<\/div>\n\t\t\t\t\t\t<\/div>\n\t\t\t\t<\/div>\n\t\t\t\t<div class=\"elementor-element elementor-element-cc28639 elementor-widget elementor-widget-html\" data-id=\"cc28639\" data-element_type=\"widget\" data-widget_type=\"html.default\">\n\t\t\t\t<div class=\"elementor-widget-container\">\n\t\t\t\t\t<a href=\"https:\/\/fixpagprueba.fixgroup.net\/wp-content\/uploads\/2025\/07\/VuWall_ControlVu_Datasheet-es.pdf\" download class=\"boton-descarga\">Descargar Datasheet<\/a>\r\n\r\n<style>\r\n.boton-descarga {\r\n  display: inline-block;\r\n  padding: 10px 20px;\r\n  background-color: #0073aa;\r\n  color: white;\r\n  text-decoration: none;\r\n  border-radius: 5px;\r\n  font-weight: bold;\r\n}\r\n\r\n.boton-descarga:hover {\r\n  background-color: #005177;\r\n}\r\n<\/style>\r\n\t\t\t\t<\/div>\n\t\t\t\t<\/div>\n\t\t\t\t\t<\/div>\n\t\t\t\t<\/div>\n\t\t<div class=\"elementor-element elementor-element-ad3948b e-grid e-con-boxed e-con e-parent\" data-id=\"ad3948b\" data-element_type=\"container\">\n\t\t\t\t\t<div class=\"e-con-inner\">\n\t\t\t\t<div class=\"elementor-element elementor-element-4c05b24 elementor-widget elementor-widget-text-editor\" data-id=\"4c05b24\" data-element_type=\"widget\" data-widget_type=\"text-editor.default\">\n\t\t\t\t<div class=\"elementor-widget-container\">\n\t\t\t\t\t\t\t\t\t<h2 data-start=\"2454\" data-end=\"2492\">Funciones destacadas del sistema<\/h2><ul data-start=\"2494\" data-end=\"2824\"><li data-start=\"2494\" data-end=\"2573\"><p data-start=\"2496\" data-end=\"2573\"><strong data-start=\"2500\" data-end=\"2522\">Multiview avanzado<\/strong>: divide cualquier pantalla en m\u00faltiples ventanas<\/p><\/li><li data-start=\"2574\" data-end=\"2647\"><p data-start=\"2576\" data-end=\"2647\"><strong data-start=\"2579\" data-end=\"2605\">Escalabilidad infinita<\/strong>: a\u00f1ade m\u00e1s nodos o entradas sin l\u00edmites<\/p><\/li><li data-start=\"2648\" data-end=\"2719\"><p data-start=\"2650\" data-end=\"2719\"><strong data-start=\"2654\" data-end=\"2667\">Fail-safe<\/strong>: continuidad operativa sin puntos \u00fanicos de falla<\/p><\/li><li data-start=\"2720\" data-end=\"2764\"><p data-start=\"2722\" data-end=\"2764\"><strong data-start=\"2725\" data-end=\"2762\">Gesti\u00f3n de layouts personalizados<\/strong><\/p><\/li><li data-start=\"2765\" data-end=\"2824\"><p data-start=\"2767\" data-end=\"2824\"><strong data-start=\"2770\" data-end=\"2824\">Cifrado y aislamiento de red para m\u00e1xima seguridad<\/strong><\/p><\/li><\/ul>\t\t\t\t\t\t\t\t<\/div>\n\t\t\t\t<\/div>\n\t\t\t\t<div class=\"elementor-element elementor-element-034c7e0 elementor-widget elementor-widget-text-editor\" data-id=\"034c7e0\" data-element_type=\"widget\" data-widget_type=\"text-editor.default\">\n\t\t\t\t<div class=\"elementor-widget-container\">\n\t\t\t\t\t\t\t\t\t<h2 data-start=\"2831\" data-end=\"2855\">Aplicaciones clave<\/h2><ul data-start=\"2857\" data-end=\"3123\"><li data-start=\"2857\" data-end=\"2906\"><p data-start=\"2859\" data-end=\"2906\"><strong data-start=\"2863\" data-end=\"2904\">Centros de comando y control (C4\/C5I)<\/strong><\/p><\/li><li data-start=\"2907\" data-end=\"2963\"><p data-start=\"2909\" data-end=\"2963\"><strong data-start=\"2912\" data-end=\"2961\">Centros de emergencias (911, crisis, defensa)<\/strong><\/p><\/li><li data-start=\"2964\" data-end=\"3012\"><p data-start=\"2966\" data-end=\"3012\"><strong data-start=\"2969\" data-end=\"3010\">Videovigilancia y seguridad (SOC\/NOC)<\/strong><\/p><\/li><li data-start=\"3013\" data-end=\"3061\"><p data-start=\"3015\" data-end=\"3061\"><strong data-start=\"3017\" data-end=\"3059\">Salas de energ\u00eda, transporte y tr\u00e1fico<\/strong><\/p><\/li><li data-start=\"3062\" data-end=\"3123\"><p data-start=\"3064\" data-end=\"3123\"><strong data-start=\"3067\" data-end=\"3123\">Monitoreo de datos en tiempo real (industria, banca)<\/strong><\/p><\/li><\/ul>\t\t\t\t\t\t\t\t<\/div>\n\t\t\t\t<\/div>\n\t\t\t\t\t<\/div>\n\t\t\t\t<\/div>\n\t\t<div class=\"elementor-element elementor-element-78d38fc e-flex e-con-boxed e-con e-parent\" data-id=\"78d38fc\" data-element_type=\"container\" data-settings=\"{&quot;background_background&quot;:&quot;classic&quot;}\">\n\t\t\t\t\t<div class=\"e-con-inner\">\n\t\t\t\t<div class=\"elementor-element elementor-element-668d23c elementor-widget elementor-widget-spacer\" data-id=\"668d23c\" data-element_type=\"widget\" data-widget_type=\"spacer.default\">\n\t\t\t\t<div class=\"elementor-widget-container\">\n\t\t\t\t\t\t\t<div class=\"elementor-spacer\">\n\t\t\t<div class=\"elementor-spacer-inner\"><\/div>\n\t\t<\/div>\n\t\t\t\t\t\t<\/div>\n\t\t\t\t<\/div>\n\t\t\t\t<div class=\"elementor-element elementor-element-98ee6cc elementor-widget elementor-widget-heading\" data-id=\"98ee6cc\" data-element_type=\"widget\" data-widget_type=\"heading.default\">\n\t\t\t\t<div class=\"elementor-widget-container\">\n\t\t\t\t\t<h2 class=\"elementor-heading-title elementor-size-default\">\u00bfBuscas precisi\u00f3n, seguridad y eficiencia visual?<\/h2>\t\t\t\t<\/div>\n\t\t\t\t<\/div>\n\t\t\t\t<div class=\"elementor-element elementor-element-551b406 elementor-widget elementor-widget-text-editor\" data-id=\"551b406\" data-element_type=\"widget\" data-widget_type=\"text-editor.default\">\n\t\t\t\t<div class=\"elementor-widget-container\">\n\t\t\t\t\t\t\t\t\t<p>VuWall te da el control absoluto de tu entorno visual, con la confianza de una plataforma l\u00edder en el sector.<\/p>\t\t\t\t\t\t\t\t<\/div>\n\t\t\t\t<\/div>\n\t\t\t\t<div class=\"elementor-element elementor-element-81fec87 elementor-widget elementor-widget-spacer\" data-id=\"81fec87\" data-element_type=\"widget\" data-widget_type=\"spacer.default\">\n\t\t\t\t<div class=\"elementor-widget-container\">\n\t\t\t\t\t\t\t<div class=\"elementor-spacer\">\n\t\t\t<div class=\"elementor-spacer-inner\"><\/div>\n\t\t<\/div>\n\t\t\t\t\t\t<\/div>\n\t\t\t\t<\/div>\n\t\t\t\t\t<\/div>\n\t\t\t\t<\/div>\n\t\t\t\t<\/div>\n\t\t","protected":false},"excerpt":{"rendered":"<p>Procesamiento de Video Profesional con VuWall La plataforma de procesamiento de video m\u00e1s flexible, segura y escalable del mercado. \u00bfQu\u00e9 es el procesamiento de video? El procesamiento de video convierte m\u00faltiples se\u00f1ales \u2014 c\u00e1maras, computadoras, flujos de red, dashboards \u2014 en una presentaci\u00f3n organizada y controlada visualmente.Con VuWall, este proceso [&hellip;]<\/p>\n","protected":false},"author":1,"featured_media":0,"parent":0,"menu_order":0,"comment_status":"closed","ping_status":"closed","template":"page-templates\/template-pagebuilder-full-width.php","meta":{"footnotes":""},"class_list":["post-166","page","type-page","status-publish","hentry"],"_links":{"self":[{"href":"https:\/\/fixpagprueba.fixgroup.net\/index.php?rest_route=\/wp\/v2\/pages\/166","targetHints":{"allow":["GET"]}}],"collection":[{"href":"https:\/\/fixpagprueba.fixgroup.net\/index.php?rest_route=\/wp\/v2\/pages"}],"about":[{"href":"https:\/\/fixpagprueba.fixgroup.net\/index.php?rest_route=\/wp\/v2\/types\/page"}],"author":[{"embeddable":true,"href":"https:\/\/fixpagprueba.fixgroup.net\/index.php?rest_route=\/wp\/v2\/users\/1"}],"replies":[{"embeddable":true,"href":"https:\/\/fixpagprueba.fixgroup.net\/index.php?rest_route=%2Fwp%2Fv2%2Fcomments&post=166"}],"version-history":[{"count":24,"href":"https:\/\/fixpagprueba.fixgroup.net\/index.php?rest_route=\/wp\/v2\/pages\/166\/revisions"}],"predecessor-version":[{"id":468,"href":"https:\/\/fixpagprueba.fixgroup.net\/index.php?rest_route=\/wp\/v2\/pages\/166\/revisions\/468"}],"wp:attachment":[{"href":"https:\/\/fixpagprueba.fixgroup.net\/index.php?rest_route=%2Fwp%2Fv2%2Fmedia&parent=166"}],"curies":[{"name":"wp","href":"https:\/\/api.w.org\/{rel}","templated":true}]}}