{"id":231,"date":"2025-07-03T21:44:38","date_gmt":"2025-07-03T21:44:38","guid":{"rendered":"https:\/\/fixpagprueba.fixgroup.net\/?page_id=231"},"modified":"2025-07-22T14:43:04","modified_gmt":"2025-07-22T14:43:04","slug":"control-luminarias","status":"publish","type":"page","link":"https:\/\/fixpagprueba.fixgroup.net\/?page_id=231","title":{"rendered":"Control Luminarias"},"content":{"rendered":"\t\t<div data-elementor-type=\"wp-page\" data-elementor-id=\"231\" class=\"elementor elementor-231\">\n\t\t\t\t<div class=\"elementor-element elementor-element-311aec9 e-flex e-con-boxed e-con e-parent\" data-id=\"311aec9\" data-element_type=\"container\" data-settings=\"{&quot;background_background&quot;:&quot;classic&quot;}\">\n\t\t\t\t\t<div class=\"e-con-inner\">\n\t\t\t\t<div class=\"elementor-element elementor-element-00938dd elementor-widget elementor-widget-spacer\" data-id=\"00938dd\" data-element_type=\"widget\" data-widget_type=\"spacer.default\">\n\t\t\t\t<div class=\"elementor-widget-container\">\n\t\t\t\t\t\t\t<div class=\"elementor-spacer\">\n\t\t\t<div class=\"elementor-spacer-inner\"><\/div>\n\t\t<\/div>\n\t\t\t\t\t\t<\/div>\n\t\t\t\t<\/div>\n\t\t\t\t<div class=\"elementor-element elementor-element-94652ae elementor-widget elementor-widget-heading\" data-id=\"94652ae\" data-element_type=\"widget\" data-widget_type=\"heading.default\">\n\t\t\t\t<div class=\"elementor-widget-container\">\n\t\t\t\t\t<h2 class=\"elementor-heading-title elementor-size-default\">SmartMation \u2013 Soluciones inteligentes de alumbrado p\u00fablico<\/h2>\t\t\t\t<\/div>\n\t\t\t\t<\/div>\n\t\t\t\t<div class=\"elementor-element elementor-element-ee6f6cd elementor-widget elementor-widget-text-editor\" data-id=\"ee6f6cd\" data-element_type=\"widget\" data-widget_type=\"text-editor.default\">\n\t\t\t\t<div class=\"elementor-widget-container\">\n\t\t\t\t\t\t\t\t\t<p>Iluminaci\u00f3n conectada, mantenimiento eficiente y ciudades m\u00e1s seguras<\/p>\t\t\t\t\t\t\t\t<\/div>\n\t\t\t\t<\/div>\n\t\t\t\t<div class=\"elementor-element elementor-element-35799b6 elementor-widget elementor-widget-spacer\" data-id=\"35799b6\" data-element_type=\"widget\" data-widget_type=\"spacer.default\">\n\t\t\t\t<div class=\"elementor-widget-container\">\n\t\t\t\t\t\t\t<div class=\"elementor-spacer\">\n\t\t\t<div class=\"elementor-spacer-inner\"><\/div>\n\t\t<\/div>\n\t\t\t\t\t\t<\/div>\n\t\t\t\t<\/div>\n\t\t\t\t\t<\/div>\n\t\t\t\t<\/div>\n\t\t<div class=\"elementor-element elementor-element-003132d e-flex e-con-boxed e-con e-parent\" data-id=\"003132d\" data-element_type=\"container\">\n\t\t\t\t\t<div class=\"e-con-inner\">\n\t\t\t\t<div class=\"elementor-element elementor-element-0381c40 elementor-widget elementor-widget-text-editor\" data-id=\"0381c40\" data-element_type=\"widget\" data-widget_type=\"text-editor.default\">\n\t\t\t\t<div class=\"elementor-widget-container\">\n\t\t\t\t\t\t\t\t\t<h2 data-start=\"352\" data-end=\"399\">Gesti\u00f3n inteligente del alumbrado p\u00fablico<\/h2><ul data-start=\"401\" data-end=\"724\"><li data-start=\"401\" data-end=\"480\"><p data-start=\"403\" data-end=\"480\"><span class=\"relative -mx-px my-[-0.2rem] rounded px-px py-[0.2rem] transition-colors duration-100 ease-in-out\"><strong data-start=\"3\" data-end=\"21\">Monitoreo 24\/7<\/strong>: detecta luminarias apagadas o con fallas sin inspecciones manuales.<\/span><span class=\"\" data-state=\"closed\"><span class=\"ms-1 inline-flex max-w-full items-center relative top-[-0.094rem] animate-[show_150ms_ease-in]\"><\/span><\/span><\/p><\/li><li data-start=\"481\" data-end=\"560\"><p data-start=\"483\" data-end=\"560\"><span class=\"relative -mx-px my-[-0.2rem] rounded px-px py-[0.2rem] transition-colors duration-100 ease-in-out\"><strong data-start=\"3\" data-end=\"28\">Encendido inteligente<\/strong>: basado en calendario astron\u00f3mico o sensores de luz.<\/span><\/p><\/li><li data-start=\"561\" data-end=\"642\"><p data-start=\"563\" data-end=\"642\"><span class=\"relative -mx-px my-[-0.2rem] rounded px-px py-[0.2rem] transition-colors duration-100 ease-in-out\"><strong data-start=\"3\" data-end=\"40\">Ahorro energ\u00e9tico y mantenimiento<\/strong>: reduce consumos, optimiza cuadrillas y prolonga la vida \u00fatil del sistema.<\/span><\/p><\/li><li data-start=\"643\" data-end=\"724\"><p data-start=\"645\" data-end=\"724\"><span class=\"relative -mx-px my-[-0.2rem] rounded px-px py-[0.2rem] transition-colors duration-100 ease-in-out\"><strong data-start=\"3\" data-end=\"37\">Protecci\u00f3n ante sobretensiones<\/strong>: nodos robustos salvaguardan drivers y LEDs en eventos el\u00e9ctricos<br \/><\/span><\/p><\/li><\/ul><h2 data-start=\"1700\" data-end=\"1739\">Plataforma de supervisi\u00f3n central<\/h2><ul data-start=\"1741\" data-end=\"1866\"><li data-start=\"1741\" data-end=\"1824\"><p data-start=\"1743\" data-end=\"1824\"><span class=\"relative -mx-px my-[-0.2rem] rounded px-px py-[0.2rem] transition-colors duration-100 ease-in-out\">Panel web accesible desde cualquier dispositivo: m\u00f3vil, PC, tablet<\/span><\/p><\/li><li data-start=\"1825\" data-end=\"1866\"><p data-start=\"1827\" data-end=\"1866\"><span class=\"relative -mx-px my-[-0.2rem] rounded px-px py-[0.2rem] transition-colors duration-100 ease-in-out\">Funciones clave: perfiles de usuarios, alertas instant\u00e1neas, reportes hist\u00f3ricos y geo\u2011mapas de estado<\/span><\/p><\/li><\/ul>\t\t\t\t\t\t\t\t<\/div>\n\t\t\t\t<\/div>\n\t\t\t\t\t<\/div>\n\t\t\t\t<\/div>\n\t\t<div class=\"elementor-element elementor-element-55944f3 e-flex e-con-boxed e-con e-parent\" data-id=\"55944f3\" data-element_type=\"container\" data-settings=\"{&quot;background_background&quot;:&quot;classic&quot;}\">\n\t\t\t\t\t<div class=\"e-con-inner\">\n\t\t\t\t<div class=\"elementor-element elementor-element-2b813ad elementor-widget elementor-widget-text-editor\" data-id=\"2b813ad\" data-element_type=\"widget\" data-widget_type=\"text-editor.default\">\n\t\t\t\t<div class=\"elementor-widget-container\">\n\t\t\t\t\t\t\t\t\t<p>Nodos de comunicaci\u00f3n: NB\u2011IoT, LoRaWAN, 6LoWPAN, 802.15.4<\/p>\t\t\t\t\t\t\t\t<\/div>\n\t\t\t\t<\/div>\n\t\t\t\t\t<\/div>\n\t\t\t\t<\/div>\n\t\t<div class=\"elementor-element elementor-element-9074116 e-flex e-con-boxed e-con e-parent\" data-id=\"9074116\" data-element_type=\"container\">\n\t\t\t\t\t<div class=\"e-con-inner\">\n\t\t<div class=\"elementor-element elementor-element-bab71b4 e-con-full e-flex e-con e-child\" data-id=\"bab71b4\" data-element_type=\"container\">\n\t\t\t\t<div class=\"elementor-element elementor-element-b3214ec elementor-widget elementor-widget-text-editor\" data-id=\"b3214ec\" data-element_type=\"widget\" data-widget_type=\"text-editor.default\">\n\t\t\t\t<div class=\"elementor-widget-container\">\n\t\t\t\t\t\t\t\t\t<h3 data-start=\"241\" data-end=\"278\"><strong data-start=\"248\" data-end=\"276\">NB\u2011IoT \/ LTE Cat\u2011M1 \/ 2G<\/strong><\/h3><h3 data-start=\"241\" data-end=\"278\"><strong data-start=\"281\" data-end=\"347\" style=\"font-size: 18px;\">Conectividad celular confiable para entornos urbanos o remotos<\/strong><\/h3><p data-start=\"349\" data-end=\"552\">NB-IoT (Narrowband IoT) y LTE Cat\u2011M1 son tecnolog\u00edas LPWAN (Low Power Wide Area Network) que utilizan las redes celulares existentes para transmitir datos de forma segura y con bajo consumo energ\u00e9tico.<\/p><p data-start=\"554\" data-end=\"575\"><strong data-start=\"554\" data-end=\"573\">Ventajas clave:<\/strong><\/p><ul data-start=\"576\" data-end=\"1145\"><li data-start=\"576\" data-end=\"663\"><p data-start=\"578\" data-end=\"663\"><strong data-start=\"581\" data-end=\"622\">Conexi\u00f3n directa al centro de control<\/strong>, sin necesidad de gateways intermedios<\/p><\/li><li data-start=\"664\" data-end=\"765\"><p data-start=\"666\" data-end=\"765\"><strong data-start=\"669\" data-end=\"701\">Consumo energ\u00e9tico ultrabajo<\/strong>, ideal para nodos alimentados directamente desde la luminaria<\/p><\/li><li data-start=\"766\" data-end=\"825\"><p data-start=\"768\" data-end=\"825\"><strong data-start=\"771\" data-end=\"823\">Canal seguro de transmisi\u00f3n con encriptaci\u00f3n LTE<\/strong><\/p><\/li><li data-start=\"826\" data-end=\"895\"><p data-start=\"828\" data-end=\"895\"><strong data-start=\"831\" data-end=\"865\">Cobertura nacional garantizada<\/strong> mediante operadores m\u00f3viles<\/p><\/li><li data-start=\"896\" data-end=\"990\"><p data-start=\"898\" data-end=\"990\"><strong data-start=\"901\" data-end=\"930\">Alta penetraci\u00f3n de se\u00f1al<\/strong>, funcional incluso en ubicaciones subterr\u00e1neas o cerradas<\/p><\/li><li data-start=\"991\" data-end=\"1091\"><p data-start=\"993\" data-end=\"1091\">Perfecto para luminarias distribuidas o zonas donde el despliegue de red privada no es viable<\/p><\/li><li data-start=\"1092\" data-end=\"1145\"><p data-start=\"1094\" data-end=\"1145\">Compatible con actualizaciones OTA (Over-The-Air)<\/p><\/li><\/ul>\t\t\t\t\t\t\t\t<\/div>\n\t\t\t\t<\/div>\n\t\t\t\t<\/div>\n\t\t<div class=\"elementor-element elementor-element-e5f23f9 e-con-full e-flex e-con e-child\" data-id=\"e5f23f9\" data-element_type=\"container\">\n\t\t\t\t<div class=\"elementor-element elementor-element-30de8ee elementor-widget elementor-widget-image\" data-id=\"30de8ee\" data-element_type=\"widget\" data-widget_type=\"image.default\">\n\t\t\t\t<div class=\"elementor-widget-container\">\n\t\t\t\t\t\t\t\t\t\t\t\t\t\t\t<img fetchpriority=\"high\" decoding=\"async\" width=\"234\" height=\"264\" src=\"https:\/\/fixpagprueba.fixgroup.net\/wp-content\/uploads\/2025\/07\/Smart1-removebg-preview.png\" class=\"attachment-2048x2048 size-2048x2048 wp-image-239\" alt=\"\" \/>\t\t\t\t\t\t\t\t\t\t\t\t\t\t\t<\/div>\n\t\t\t\t<\/div>\n\t\t\t\t<\/div>\n\t\t\t\t\t<\/div>\n\t\t\t\t<\/div>\n\t\t<div class=\"elementor-element elementor-element-fa9cd68 e-flex e-con-boxed e-con e-parent\" data-id=\"fa9cd68\" data-element_type=\"container\">\n\t\t\t\t\t<div class=\"e-con-inner\">\n\t\t\t\t<div class=\"elementor-element elementor-element-f8afb92 elementor-widget elementor-widget-html\" data-id=\"f8afb92\" data-element_type=\"widget\" data-widget_type=\"html.default\">\n\t\t\t\t<div class=\"elementor-widget-container\">\n\t\t\t\t\t<a href=\"https:\/\/fixpagprueba.fixgroup.net\/wp-content\/uploads\/2025\/07\/Brochure-Nodo-NB-IoT.pdf\" download class=\"boton-descarga\">Descargar Brochure<\/a>\r\n\r\n<style>\r\n.boton-descarga {\r\n  display: inline-block;\r\n  padding: 10px 20px;\r\n  background-color: #0073aa;\r\n  color: white;\r\n  text-decoration: none;\r\n  border-radius: 5px;\r\n  font-weight: bold;\r\n}\r\n\r\n.boton-descarga:hover {\r\n  background-color: #005177;\r\n}\r\n<\/style>\r\n\t\t\t\t<\/div>\n\t\t\t\t<\/div>\n\t\t\t\t\t<\/div>\n\t\t\t\t<\/div>\n\t\t<div class=\"elementor-element elementor-element-4f76e09 e-flex e-con-boxed e-con e-parent\" data-id=\"4f76e09\" data-element_type=\"container\" data-settings=\"{&quot;background_background&quot;:&quot;classic&quot;}\">\n\t\t\t\t\t<div class=\"e-con-inner\">\n\t\t<div class=\"elementor-element elementor-element-1340854 e-con-full e-flex e-con e-child\" data-id=\"1340854\" data-element_type=\"container\">\n\t\t\t\t<div class=\"elementor-element elementor-element-048f16b elementor-widget elementor-widget-text-editor\" data-id=\"048f16b\" data-element_type=\"widget\" data-widget_type=\"text-editor.default\">\n\t\t\t\t<div class=\"elementor-widget-container\">\n\t\t\t\t\t\t\t\t\t<h3 data-start=\"1317\" data-end=\"1337\"><strong data-start=\"1324\" data-end=\"1335\">LoRaWAN<\/strong><\/h3><h3 data-start=\"1317\" data-end=\"1337\"><strong data-start=\"1340\" data-end=\"1398\" style=\"font-size: 18px;\">Conectividad de largo alcance con bajo costo operativo<\/strong><\/h3><p data-start=\"1400\" data-end=\"1577\">LoRaWAN (Long Range Wide Area Network) opera en bandas sub\u2011GHz y est\u00e1 dise\u00f1ada para transmitir peque\u00f1as cantidades de datos a trav\u00e9s de distancias extensas con m\u00ednima energ\u00eda.<\/p><p data-start=\"1579\" data-end=\"1612\"><strong data-start=\"1579\" data-end=\"1610\">Caracter\u00edsticas destacadas:<\/strong><\/p><ul data-start=\"1613\" data-end=\"2139\"><li data-start=\"1613\" data-end=\"1693\"><p data-start=\"1615\" data-end=\"1693\"><strong data-start=\"1618\" data-end=\"1644\">Alcance de hasta 10 km<\/strong> en l\u00ednea de vista, 500\u20131000 m en zonas urbanas.<\/p><\/li><li data-start=\"1694\" data-end=\"1757\"><p data-start=\"1696\" data-end=\"1757\"><strong data-start=\"1699\" data-end=\"1730\">Hasta 500 nodos por gateway<\/strong>, escalabilidad eficiente.<\/p><\/li><li data-start=\"1758\" data-end=\"1850\"><p data-start=\"1760\" data-end=\"1850\"><strong data-start=\"1763\" data-end=\"1785\">Topolog\u00eda estrella<\/strong>, permite conexiones simult\u00e1neas a trav\u00e9s de m\u00faltiples gateways.<\/p><\/li><li data-start=\"1851\" data-end=\"1920\"><p data-start=\"1853\" data-end=\"1920\">Seguridad mediante cifrado AES\u2011128 a nivel de red y aplicaci\u00f3n.<\/p><\/li><li data-start=\"1921\" data-end=\"1997\"><p data-start=\"1923\" data-end=\"1997\">Instalaci\u00f3n sencilla con gateways alimentados por PoE o energ\u00eda solar.<\/p><\/li><li data-start=\"1998\" data-end=\"2062\"><p data-start=\"2000\" data-end=\"2062\">Bajo costo de operaci\u00f3n: no depende de operadores m\u00f3viles.<\/p><\/li><li data-start=\"2063\" data-end=\"2139\"><p data-start=\"2065\" data-end=\"2139\">Tiempos de transmisi\u00f3n optimizados para maximizar la duraci\u00f3n del nodo.<\/p><\/li><\/ul>\t\t\t\t\t\t\t\t<\/div>\n\t\t\t\t<\/div>\n\t\t\t\t<\/div>\n\t\t<div class=\"elementor-element elementor-element-5d90a89 e-con-full e-flex e-con e-child\" data-id=\"5d90a89\" data-element_type=\"container\">\n\t\t\t\t<div class=\"elementor-element elementor-element-d9fb050 elementor-widget elementor-widget-image\" data-id=\"d9fb050\" data-element_type=\"widget\" data-widget_type=\"image.default\">\n\t\t\t\t<div class=\"elementor-widget-container\">\n\t\t\t\t\t\t\t\t\t\t\t\t\t\t\t<img fetchpriority=\"high\" decoding=\"async\" width=\"234\" height=\"264\" src=\"https:\/\/fixpagprueba.fixgroup.net\/wp-content\/uploads\/2025\/07\/Smart1-removebg-preview.png\" class=\"attachment-2048x2048 size-2048x2048 wp-image-239\" alt=\"\" \/>\t\t\t\t\t\t\t\t\t\t\t\t\t\t\t<\/div>\n\t\t\t\t<\/div>\n\t\t\t\t<\/div>\n\t\t\t\t\t<\/div>\n\t\t\t\t<\/div>\n\t\t<div class=\"elementor-element elementor-element-068dfe9 e-flex e-con-boxed e-con e-parent\" data-id=\"068dfe9\" data-element_type=\"container\" data-settings=\"{&quot;background_background&quot;:&quot;classic&quot;}\">\n\t\t\t\t\t<div class=\"e-con-inner\">\n\t\t\t\t<div class=\"elementor-element elementor-element-de5729a elementor-widget elementor-widget-html\" data-id=\"de5729a\" data-element_type=\"widget\" data-widget_type=\"html.default\">\n\t\t\t\t<div class=\"elementor-widget-container\">\n\t\t\t\t\t<a href=\"https:\/\/fixpagprueba.fixgroup.net\/wp-content\/uploads\/2025\/07\/Brochure-Nodo-LoRaWAN.pdf\" download class=\"boton-descarga\">Descargar Brochure<\/a>\r\n\r\n<style>\r\n.boton-descarga {\r\n  display: inline-block;\r\n  padding: 10px 20px;\r\n  background-color: #0073aa;\r\n  color: white;\r\n  text-decoration: none;\r\n  border-radius: 5px;\r\n  font-weight: bold;\r\n}\r\n\r\n.boton-descarga:hover {\r\n  background-color: #005177;\r\n}\r\n<\/style>\r\n\t\t\t\t<\/div>\n\t\t\t\t<\/div>\n\t\t\t\t\t<\/div>\n\t\t\t\t<\/div>\n\t\t<div class=\"elementor-element elementor-element-6c6ab1a e-flex e-con-boxed e-con e-parent\" data-id=\"6c6ab1a\" data-element_type=\"container\">\n\t\t\t\t\t<div class=\"e-con-inner\">\n\t\t<div class=\"elementor-element elementor-element-64fbc20 e-con-full e-flex e-con e-child\" data-id=\"64fbc20\" data-element_type=\"container\">\n\t\t\t\t<div class=\"elementor-element elementor-element-268a1c5 elementor-widget elementor-widget-text-editor\" data-id=\"268a1c5\" data-element_type=\"widget\" data-widget_type=\"text-editor.default\">\n\t\t\t\t<div class=\"elementor-widget-container\">\n\t\t\t\t\t\t\t\t\t<h3 data-start=\"2297\" data-end=\"2345\"><strong data-start=\"2304\" data-end=\"2343\">6LoWPAN (IPv6 sobre IEEE 802.15.4g)<\/strong><\/h3><h3 data-start=\"2297\" data-end=\"2345\"><strong data-start=\"2348\" data-end=\"2417\" style=\"font-size: 18px;\">Internet de las cosas a nivel IP, para redes seguras y escalables<\/strong><\/h3><p data-start=\"2419\" data-end=\"2588\">6LoWPAN permite que cada nodo tenga su propia direcci\u00f3n IPv6, facilitando la integraci\u00f3n con redes IP existentes y garantizando una arquitectura abierta y estandarizada.<\/p><p data-start=\"2590\" data-end=\"2614\"><strong data-start=\"2590\" data-end=\"2612\">Ventajas t\u00e9cnicas:<\/strong><\/p><ul data-start=\"2615\" data-end=\"3070\"><li data-start=\"2615\" data-end=\"2702\"><p data-start=\"2617\" data-end=\"2702\"><strong data-start=\"2620\" data-end=\"2661\">Soporte nativo de direccionamiento IP<\/strong> \u2013 No requiere traducci\u00f3n de protocolos<\/p><\/li><li data-start=\"2703\" data-end=\"2773\"><p data-start=\"2705\" data-end=\"2773\"><strong data-start=\"2708\" data-end=\"2771\">Integraci\u00f3n con sistemas tipo Cisco o redes gubernamentales<\/strong><\/p><\/li><li data-start=\"2774\" data-end=\"2860\"><p data-start=\"2776\" data-end=\"2860\"><strong data-start=\"2779\" data-end=\"2797\">Topolog\u00eda mesh<\/strong>: la red se adapta din\u00e1micamente a fallas o reconfiguraciones<\/p><\/li><li data-start=\"2861\" data-end=\"2926\"><p data-start=\"2863\" data-end=\"2926\">Bajo consumo energ\u00e9tico con modos de suspensi\u00f3n extendidos<\/p><\/li><li data-start=\"2927\" data-end=\"3005\"><p data-start=\"2929\" data-end=\"3005\">Interoperabilidad con m\u00faltiples fabricantes gracias al est\u00e1ndar abierto<\/p><\/li><li data-start=\"3006\" data-end=\"3070\"><p data-start=\"3008\" data-end=\"3070\">Ideal para redes densas de hasta <strong data-start=\"3045\" data-end=\"3070\">500 nodos por gateway<\/strong><\/p><\/li><\/ul>\t\t\t\t\t\t\t\t<\/div>\n\t\t\t\t<\/div>\n\t\t\t\t<\/div>\n\t\t<div class=\"elementor-element elementor-element-af5bab6 e-con-full e-flex e-con e-child\" data-id=\"af5bab6\" data-element_type=\"container\">\n\t\t\t\t<div class=\"elementor-element elementor-element-35d0bf7 elementor-widget elementor-widget-image\" data-id=\"35d0bf7\" data-element_type=\"widget\" data-widget_type=\"image.default\">\n\t\t\t\t<div class=\"elementor-widget-container\">\n\t\t\t\t\t\t\t\t\t\t\t\t\t\t\t<img fetchpriority=\"high\" decoding=\"async\" width=\"234\" height=\"264\" src=\"https:\/\/fixpagprueba.fixgroup.net\/wp-content\/uploads\/2025\/07\/Smart1-removebg-preview.png\" class=\"attachment-2048x2048 size-2048x2048 wp-image-239\" alt=\"\" \/>\t\t\t\t\t\t\t\t\t\t\t\t\t\t\t<\/div>\n\t\t\t\t<\/div>\n\t\t\t\t<\/div>\n\t\t\t\t\t<\/div>\n\t\t\t\t<\/div>\n\t\t<div class=\"elementor-element elementor-element-eacca40 e-flex e-con-boxed e-con e-parent\" data-id=\"eacca40\" data-element_type=\"container\">\n\t\t\t\t\t<div class=\"e-con-inner\">\n\t\t\t\t<div class=\"elementor-element elementor-element-f2fd835 elementor-widget elementor-widget-html\" data-id=\"f2fd835\" data-element_type=\"widget\" data-widget_type=\"html.default\">\n\t\t\t\t<div class=\"elementor-widget-container\">\n\t\t\t\t\t<a href=\"https:\/\/fixpagprueba.fixgroup.net\/wp-content\/uploads\/2025\/07\/Brochure-Nodo-6LoWPAN.pdf\" download class=\"boton-descarga\">Descargar Brochure<\/a>\r\n\r\n<style>\r\n.boton-descarga {\r\n  display: inline-block;\r\n  padding: 10px 20px;\r\n  background-color: #0073aa;\r\n  color: white;\r\n  text-decoration: none;\r\n  border-radius: 5px;\r\n  font-weight: bold;\r\n}\r\n\r\n.boton-descarga:hover {\r\n  background-color: #005177;\r\n}\r\n<\/style>\r\n\t\t\t\t<\/div>\n\t\t\t\t<\/div>\n\t\t\t\t\t<\/div>\n\t\t\t\t<\/div>\n\t\t<div class=\"elementor-element elementor-element-ace7af5 e-flex e-con-boxed e-con e-parent\" data-id=\"ace7af5\" data-element_type=\"container\" data-settings=\"{&quot;background_background&quot;:&quot;classic&quot;}\">\n\t\t\t\t\t<div class=\"e-con-inner\">\n\t\t<div class=\"elementor-element elementor-element-ea88118 e-con-full e-flex e-con e-child\" data-id=\"ea88118\" data-element_type=\"container\">\n\t\t\t\t<div class=\"elementor-element elementor-element-250044c elementor-widget elementor-widget-text-editor\" data-id=\"250044c\" data-element_type=\"widget\" data-widget_type=\"text-editor.default\">\n\t\t\t\t<div class=\"elementor-widget-container\">\n\t\t\t\t\t\t\t\t\t<h3 data-start=\"2297\" data-end=\"2345\"><strong data-start=\"2304\" data-end=\"2343\">6LoWPAN (IPv6 sobre IEEE 802.15.4g)<\/strong><\/h3><h3 data-start=\"2297\" data-end=\"2345\"><strong data-start=\"2348\" data-end=\"2417\" style=\"font-size: 18px;\">Internet de las cosas a nivel IP, para redes seguras y escalables<\/strong><\/h3><p data-start=\"2419\" data-end=\"2588\">6LoWPAN permite que cada nodo tenga su propia direcci\u00f3n IPv6, facilitando la integraci\u00f3n con redes IP existentes y garantizando una arquitectura abierta y estandarizada.<\/p><p data-start=\"2590\" data-end=\"2614\"><strong data-start=\"2590\" data-end=\"2612\">Ventajas t\u00e9cnicas:<\/strong><\/p><ul data-start=\"2615\" data-end=\"3070\"><li data-start=\"2615\" data-end=\"2702\"><p data-start=\"2617\" data-end=\"2702\"><strong data-start=\"2620\" data-end=\"2661\">Soporte nativo de direccionamiento IP<\/strong> \u2013 No requiere traducci\u00f3n de protocolos<\/p><\/li><li data-start=\"2703\" data-end=\"2773\"><p data-start=\"2705\" data-end=\"2773\"><strong data-start=\"2708\" data-end=\"2771\">Integraci\u00f3n con sistemas tipo Cisco o redes gubernamentales<\/strong><\/p><\/li><li data-start=\"2774\" data-end=\"2860\"><p data-start=\"2776\" data-end=\"2860\"><strong data-start=\"2779\" data-end=\"2797\">Topolog\u00eda mesh<\/strong>: la red se adapta din\u00e1micamente a fallas o reconfiguraciones<\/p><\/li><li data-start=\"2861\" data-end=\"2926\"><p data-start=\"2863\" data-end=\"2926\">Bajo consumo energ\u00e9tico con modos de suspensi\u00f3n extendidos<\/p><\/li><li data-start=\"2927\" data-end=\"3005\"><p data-start=\"2929\" data-end=\"3005\">Interoperabilidad con m\u00faltiples fabricantes gracias al est\u00e1ndar abierto<\/p><\/li><li data-start=\"3006\" data-end=\"3070\"><p data-start=\"3008\" data-end=\"3070\">Ideal para redes densas de hasta <strong data-start=\"3045\" data-end=\"3070\">500 nodos por gateway<\/strong><\/p><\/li><\/ul>\t\t\t\t\t\t\t\t<\/div>\n\t\t\t\t<\/div>\n\t\t\t\t<\/div>\n\t\t<div class=\"elementor-element elementor-element-d8f4642 e-con-full e-flex e-con e-child\" data-id=\"d8f4642\" data-element_type=\"container\">\n\t\t\t\t<div class=\"elementor-element elementor-element-f522541 elementor-widget elementor-widget-image\" data-id=\"f522541\" data-element_type=\"widget\" data-widget_type=\"image.default\">\n\t\t\t\t<div class=\"elementor-widget-container\">\n\t\t\t\t\t\t\t\t\t\t\t\t\t\t\t<img fetchpriority=\"high\" decoding=\"async\" width=\"234\" height=\"264\" src=\"https:\/\/fixpagprueba.fixgroup.net\/wp-content\/uploads\/2025\/07\/Smart1-removebg-preview.png\" class=\"attachment-2048x2048 size-2048x2048 wp-image-239\" alt=\"\" \/>\t\t\t\t\t\t\t\t\t\t\t\t\t\t\t<\/div>\n\t\t\t\t<\/div>\n\t\t\t\t<\/div>\n\t\t\t\t\t<\/div>\n\t\t\t\t<\/div>\n\t\t<div class=\"elementor-element elementor-element-d232f7a e-flex e-con-boxed e-con e-parent\" data-id=\"d232f7a\" data-element_type=\"container\" data-settings=\"{&quot;background_background&quot;:&quot;classic&quot;}\">\n\t\t\t\t\t<div class=\"e-con-inner\">\n\t\t\t\t<div class=\"elementor-element elementor-element-11fa68a elementor-widget elementor-widget-html\" data-id=\"11fa68a\" data-element_type=\"widget\" data-widget_type=\"html.default\">\n\t\t\t\t<div class=\"elementor-widget-container\">\n\t\t\t\t\t<a href=\"https:\/\/fixpagprueba.fixgroup.net\/wp-content\/uploads\/2025\/07\/Brochure-Nodo-IEEE-802.15.4.pdf\" download class=\"boton-descarga\">Descargar Brochure<\/a>\r\n\r\n<style>\r\n.boton-descarga {\r\n  display: inline-block;\r\n  padding: 10px 20px;\r\n  background-color: #0073aa;\r\n  color: white;\r\n  text-decoration: none;\r\n  border-radius: 5px;\r\n  font-weight: bold;\r\n}\r\n\r\n.boton-descarga:hover {\r\n  background-color: #005177;\r\n}\r\n<\/style>\r\n\t\t\t\t<\/div>\n\t\t\t\t<\/div>\n\t\t\t\t\t<\/div>\n\t\t\t\t<\/div>\n\t\t\t\t<\/div>\n\t\t","protected":false},"excerpt":{"rendered":"<p>SmartMation \u2013 Soluciones inteligentes de alumbrado p\u00fablico Iluminaci\u00f3n conectada, mantenimiento eficiente y ciudades m\u00e1s seguras Gesti\u00f3n inteligente del alumbrado p\u00fablico Monitoreo 24\/7: detecta luminarias apagadas o con fallas sin inspecciones manuales. Encendido inteligente: basado en calendario astron\u00f3mico o sensores de luz. Ahorro energ\u00e9tico y mantenimiento: reduce consumos, optimiza cuadrillas y [&hellip;]<\/p>\n","protected":false},"author":1,"featured_media":0,"parent":0,"menu_order":0,"comment_status":"closed","ping_status":"closed","template":"page-templates\/template-pagebuilder-full-width.php","meta":{"footnotes":""},"class_list":["post-231","page","type-page","status-publish","hentry"],"_links":{"self":[{"href":"https:\/\/fixpagprueba.fixgroup.net\/index.php?rest_route=\/wp\/v2\/pages\/231","targetHints":{"allow":["GET"]}}],"collection":[{"href":"https:\/\/fixpagprueba.fixgroup.net\/index.php?rest_route=\/wp\/v2\/pages"}],"about":[{"href":"https:\/\/fixpagprueba.fixgroup.net\/index.php?rest_route=\/wp\/v2\/types\/page"}],"author":[{"embeddable":true,"href":"https:\/\/fixpagprueba.fixgroup.net\/index.php?rest_route=\/wp\/v2\/users\/1"}],"replies":[{"embeddable":true,"href":"https:\/\/fixpagprueba.fixgroup.net\/index.php?rest_route=%2Fwp%2Fv2%2Fcomments&post=231"}],"version-history":[{"count":14,"href":"https:\/\/fixpagprueba.fixgroup.net\/index.php?rest_route=\/wp\/v2\/pages\/231\/revisions"}],"predecessor-version":[{"id":480,"href":"https:\/\/fixpagprueba.fixgroup.net\/index.php?rest_route=\/wp\/v2\/pages\/231\/revisions\/480"}],"wp:attachment":[{"href":"https:\/\/fixpagprueba.fixgroup.net\/index.php?rest_route=%2Fwp%2Fv2%2Fmedia&parent=231"}],"curies":[{"name":"wp","href":"https:\/\/api.w.org\/{rel}","templated":true}]}}