{"id":250,"date":"2025-07-03T22:29:04","date_gmt":"2025-07-03T22:29:04","guid":{"rendered":"https:\/\/fixpagprueba.fixgroup.net\/?page_id=250"},"modified":"2025-07-24T17:26:28","modified_gmt":"2025-07-24T17:26:28","slug":"camaras-control-de-trafico","status":"publish","type":"page","link":"https:\/\/fixpagprueba.fixgroup.net\/?page_id=250","title":{"rendered":"C\u00e1maras Control de Tr\u00e1fico"},"content":{"rendered":"\t\t<div data-elementor-type=\"wp-page\" data-elementor-id=\"250\" class=\"elementor elementor-250\">\n\t\t\t\t<div class=\"elementor-element elementor-element-0edbd52 e-flex e-con-boxed e-con e-parent\" data-id=\"0edbd52\" data-element_type=\"container\" data-settings=\"{&quot;background_background&quot;:&quot;classic&quot;}\">\n\t\t\t\t\t<div class=\"e-con-inner\">\n\t\t\t\t<div class=\"elementor-element elementor-element-927f538 elementor-widget elementor-widget-spacer\" data-id=\"927f538\" data-element_type=\"widget\" data-widget_type=\"spacer.default\">\n\t\t\t\t<div class=\"elementor-widget-container\">\n\t\t\t\t\t\t\t<div class=\"elementor-spacer\">\n\t\t\t<div class=\"elementor-spacer-inner\"><\/div>\n\t\t<\/div>\n\t\t\t\t\t\t<\/div>\n\t\t\t\t<\/div>\n\t\t\t\t<div class=\"elementor-element elementor-element-1172435 elementor-widget elementor-widget-heading\" data-id=\"1172435\" data-element_type=\"widget\" data-widget_type=\"heading.default\">\n\t\t\t\t<div class=\"elementor-widget-container\">\n\t\t\t\t\t<h2 class=\"elementor-heading-title elementor-size-default\">C\u00e1maras de Control de Tr\u00e1fico \u2013 Vitronic<\/h2>\t\t\t\t<\/div>\n\t\t\t\t<\/div>\n\t\t\t\t<div class=\"elementor-element elementor-element-5655b1d elementor-widget elementor-widget-text-editor\" data-id=\"5655b1d\" data-element_type=\"widget\" data-widget_type=\"text-editor.default\">\n\t\t\t\t<div class=\"elementor-widget-container\">\n\t\t\t\t\t\t\t\t\t<p>Soluciones avanzadas para entornos viales seguros y eficientes<\/p>\t\t\t\t\t\t\t\t<\/div>\n\t\t\t\t<\/div>\n\t\t\t\t<div class=\"elementor-element elementor-element-66cc1c3 elementor-widget elementor-widget-spacer\" data-id=\"66cc1c3\" data-element_type=\"widget\" data-widget_type=\"spacer.default\">\n\t\t\t\t<div class=\"elementor-widget-container\">\n\t\t\t\t\t\t\t<div class=\"elementor-spacer\">\n\t\t\t<div class=\"elementor-spacer-inner\"><\/div>\n\t\t<\/div>\n\t\t\t\t\t\t<\/div>\n\t\t\t\t<\/div>\n\t\t\t\t\t<\/div>\n\t\t\t\t<\/div>\n\t\t<div class=\"elementor-element elementor-element-1ff62c5 e-flex e-con-boxed e-con e-parent\" data-id=\"1ff62c5\" data-element_type=\"container\">\n\t\t\t\t\t<div class=\"e-con-inner\">\n\t\t\t\t<div class=\"elementor-element elementor-element-a1243c0 elementor-widget elementor-widget-text-editor\" data-id=\"a1243c0\" data-element_type=\"widget\" data-widget_type=\"text-editor.default\">\n\t\t\t\t<div class=\"elementor-widget-container\">\n\t\t\t\t\t\t\t\t\t<p><strong data-start=\"0\" data-end=\"91\" data-is-only-node=\"\">Vitronic desarrolla sistemas de control de tr\u00e1fico basados en visi\u00f3n artificial y LIDAR<\/strong>, l\u00edderes en precisi\u00f3n, fiabilidad y conformidad legal. Sus c\u00e1maras de alta tecnolog\u00eda son ideales para programas de velocidad, control de tramo y detecci\u00f3n de matr\u00edculas.<\/p>\t\t\t\t\t\t\t\t<\/div>\n\t\t\t\t<\/div>\n\t\t\t\t\t<\/div>\n\t\t\t\t<\/div>\n\t\t<div class=\"elementor-element elementor-element-8e7d815 e-grid e-con-boxed e-con e-parent\" data-id=\"8e7d815\" data-element_type=\"container\">\n\t\t\t\t\t<div class=\"e-con-inner\">\n\t\t\t\t<div class=\"elementor-element elementor-element-fd4276d elementor-widget elementor-widget-text-editor\" data-id=\"fd4276d\" data-element_type=\"widget\" data-widget_type=\"text-editor.default\">\n\t\t\t\t<div class=\"elementor-widget-container\">\n\t\t\t\t\t\t\t\t\t<h2 data-start=\"217\" data-end=\"275\"><strong data-start=\"226\" data-end=\"244\">POLISCAN Speed<\/strong> \u2013 Control l\u00e1ser de velocidad<\/h2><h2 data-start=\"217\" data-end=\"275\"><strong data-start=\"0\" data-end=\"64\" data-is-last-node=\"\" data-is-only-node=\"\" style=\"font-size: 18px;\">Precisi\u00f3n l\u00e1ser sin contacto para autopistas y rutas urbanas<\/strong><\/h2><p data-start=\"279\" data-end=\"395\"><span class=\"relative -mx-px my-[-0.2rem] rounded px-px py-[0.2rem] transition-colors duration-100 ease-in-out\">El sistema POLISCAN Speed utiliza LIDAR escaneado para medir la velocidad de veh\u00edculos en m\u00faltiples carriles y direcciones simult\u00e1neamente, con cobertura de hasta 320\u202fkm\/h y funcionamiento en condiciones adversas<\/span>.<\/p><p data-start=\"397\" data-end=\"428\"><strong data-start=\"397\" data-end=\"428\">Caracter\u00edsticas destacadas:<\/strong><\/p><ul data-start=\"429\" data-end=\"678\"><li data-start=\"429\" data-end=\"470\"><p data-start=\"431\" data-end=\"470\"><span class=\"relative -mx-px my-[-0.2rem] rounded px-px py-[0.2rem] bg-[#FCECC1] dark:bg-[#64572A] transition-colors duration-100 ease-in-out\">Hasta 4 carriles y 2 direcciones en un solo sistema<\/span><\/p><\/li><li data-start=\"471\" data-end=\"512\"><p data-start=\"473\" data-end=\"512\"><span class=\"relative -mx-px my-[-0.2rem] rounded px-px py-[0.2rem] transition-colors duration-100 ease-in-out\">Tecnolog\u00eda LIDAR de tiempo de vuelo, sin sensores en la calzada<\/span><\/p><\/li><li data-start=\"513\" data-end=\"554\"><p data-start=\"515\" data-end=\"554\"><span class=\"relative -mx-px my-[-0.2rem] rounded px-px py-[0.2rem] transition-colors duration-100 ease-in-out\">Fotos de evidencia asignadas al veh\u00edculo correcto<\/span><\/p><\/li><li data-start=\"555\" data-end=\"596\"><p data-start=\"557\" data-end=\"596\"><span class=\"relative -mx-px my-[-0.2rem] rounded px-px py-[0.2rem] transition-colors duration-100 ease-in-out\">Carcasas modulares: fija, m\u00f3vil (tr\u00edpode), o montada en tr\u00e1iler<\/span><\/p><\/li><li data-start=\"597\" data-end=\"678\"><p data-start=\"599\" data-end=\"678\"><span class=\"relative -mx-px my-[-0.2rem] rounded px-px py-[0.2rem] bg-[#FCECC1] dark:bg-[#64572A] transition-colors duration-100 ease-in-out\">Alta fiabilidad y \u00f3ptimo funcionamiento, incluso en t\u00faneles o curvas<\/span><\/p><\/li><\/ul>\t\t\t\t\t\t\t\t<\/div>\n\t\t\t\t<\/div>\n\t\t\t\t<div class=\"elementor-element elementor-element-40a6685 elementor-widget elementor-widget-image\" data-id=\"40a6685\" data-element_type=\"widget\" data-widget_type=\"image.default\">\n\t\t\t\t<div class=\"elementor-widget-container\">\n\t\t\t\t\t\t\t\t\t\t\t\t\t\t\t<img fetchpriority=\"high\" decoding=\"async\" width=\"653\" height=\"382\" src=\"https:\/\/fixpagprueba.fixgroup.net\/wp-content\/uploads\/2025\/07\/FM1-removebg-preview.png\" class=\"attachment-large size-large wp-image-254\" alt=\"\" srcset=\"https:\/\/fixpagprueba.fixgroup.net\/wp-content\/uploads\/2025\/07\/FM1-removebg-preview.png 653w, https:\/\/fixpagprueba.fixgroup.net\/wp-content\/uploads\/2025\/07\/FM1-removebg-preview-300x175.png 300w\" sizes=\"(max-width: 653px) 100vw, 653px\" \/>\t\t\t\t\t\t\t\t\t\t\t\t\t\t\t<\/div>\n\t\t\t\t<\/div>\n\t\t\t\t\t<\/div>\n\t\t\t\t<\/div>\n\t\t<div class=\"elementor-element elementor-element-655cd09 e-flex e-con-boxed e-con e-parent\" data-id=\"655cd09\" data-element_type=\"container\">\n\t\t\t\t\t<div class=\"e-con-inner\">\n\t\t\t\t<div class=\"elementor-element elementor-element-77b6229 elementor-widget elementor-widget-text-editor\" data-id=\"77b6229\" data-element_type=\"widget\" data-widget_type=\"text-editor.default\">\n\t\t\t\t<div class=\"elementor-widget-container\">\n\t\t\t\t\t\t\t\t\t<h2 data-start=\"766\" data-end=\"826\"><strong data-start=\"775\" data-end=\"792\">POLISCAN Seco<\/strong> \u2013 Control de velocidad promedio<\/h2><h2 data-start=\"766\" data-end=\"826\"><strong data-start=\"0\" data-end=\"61\" data-is-last-node=\"\" data-is-only-node=\"\" style=\"font-size: 18px;\">Monitorea tramos completos para una conducci\u00f3n m\u00e1s segura<\/strong><\/h2><p data-start=\"830\" data-end=\"952\"><span class=\"relative -mx-px my-[-0.2rem] rounded px-px py-[0.2rem] transition-colors duration-100 ease-in-out\">El sistema Seco registra la hora de entrada y salida de veh\u00edculos en distintas c\u00e1maras, calculando la velocidad promedio. Ideal para autopistas, t\u00faneles y zonas con l\u00edmites variables<\/span>.<\/p><p data-start=\"954\" data-end=\"985\"><strong data-start=\"954\" data-end=\"985\">Caracter\u00edsticas destacadas:<\/strong><\/p><ul data-start=\"986\" data-end=\"1201\"><li data-start=\"986\" data-end=\"1029\"><p data-start=\"988\" data-end=\"1029\"><span class=\"relative -mx-px my-[-0.2rem] rounded px-px py-[0.2rem] transition-colors duration-100 ease-in-out\">Sistemas sincronizados por GPS o servidor externo<\/span><\/p><\/li><li data-start=\"1030\" data-end=\"1073\"><p data-start=\"1032\" data-end=\"1073\"><span class=\"relative -mx-px my-[-0.2rem] rounded px-px py-[0.2rem] transition-colors duration-100 ease-in-out\">Capacidad para m\u00faltiples carriles y flujo bidireccional<\/span><\/p><\/li><li data-start=\"1074\" data-end=\"1117\"><p data-start=\"1076\" data-end=\"1117\"><span class=\"relative -mx-px my-[-0.2rem] rounded px-px py-[0.2rem] transition-colors duration-100 ease-in-out\">Registro opcional dirigiendo im\u00e1genes frontales\/traseras y del conductor<\/span><\/p><\/li><li data-start=\"1118\" data-end=\"1201\"><p data-start=\"1120\" data-end=\"1201\"><span class=\"relative -mx-px my-[-0.2rem] rounded px-px py-[0.2rem] transition-colors duration-100 ease-in-out\">Documentaci\u00f3n legal precisa con cifrado y validaci\u00f3n autom\u00e1tica<\/span><\/p><\/li><\/ul>\t\t\t\t\t\t\t\t<\/div>\n\t\t\t\t<\/div>\n\t\t\t\t\t<\/div>\n\t\t\t\t<\/div>\n\t\t<div class=\"elementor-element elementor-element-8dcf225 e-grid e-con-boxed e-con e-parent\" data-id=\"8dcf225\" data-element_type=\"container\">\n\t\t\t\t\t<div class=\"e-con-inner\">\n\t\t\t\t<div class=\"elementor-element elementor-element-b3daf43 elementor-widget elementor-widget-text-editor\" data-id=\"b3daf43\" data-element_type=\"widget\" data-widget_type=\"text-editor.default\">\n\t\t\t\t<div class=\"elementor-widget-container\">\n\t\t\t\t\t\t\t\t\t<h2 data-start=\"1289\" data-end=\"1367\"><strong data-start=\"1298\" data-end=\"1323\">POLISCAN Surveillance<\/strong> \u2013 Lectura autom\u00e1tica de matr\u00edculas (ALPR)<\/h2><h2 data-start=\"1289\" data-end=\"1367\"><strong data-start=\"0\" data-end=\"59\" data-is-last-node=\"\" data-is-only-node=\"\" style=\"font-size: 18px;\">M\u00e1xima precisi\u00f3n para identificaci\u00f3n vehicular continua<\/strong><\/h2><p data-start=\"1371\" data-end=\"1493\"><span class=\"relative -mx-px my-[-0.2rem] rounded px-px py-[0.2rem] transition-colors duration-100 ease-in-out\">POLISCAN Surveillance ofrece lectura r\u00e1pida de matr\u00edculas en tr\u00e1fico de alta velocidad, tanto en dispositivos fijos como m\u00f3viles, y se integra con bases de datos municipales, policiales y de pago de peajes<\/span>.<\/p><p data-start=\"1495\" data-end=\"1526\"><strong data-start=\"1495\" data-end=\"1526\">Caracter\u00edsticas destacadas:<\/strong><\/p><ul data-start=\"1527\" data-end=\"1742\"><li data-start=\"1527\" data-end=\"1570\"><p data-start=\"1529\" data-end=\"1570\"><span class=\"relative -mx-px my-[-0.2rem] rounded px-px py-[0.2rem] transition-colors duration-100 ease-in-out\">Eficacia hasta 250\u202fkm\/h, en movimiento o estacionarios<\/span><\/p><\/li><li data-start=\"1571\" data-end=\"1614\"><p data-start=\"1573\" data-end=\"1614\"><span class=\"relative -mx-px my-[-0.2rem] rounded px-px py-[0.2rem] transition-colors duration-100 ease-in-out\">Iluminaci\u00f3n IR para operaci\u00f3n en todas las condiciones<\/span><\/p><\/li><li data-start=\"1615\" data-end=\"1658\"><p data-start=\"1617\" data-end=\"1658\"><span class=\"relative -mx-px my-[-0.2rem] rounded px-px py-[0.2rem] transition-colors duration-100 ease-in-out\">Emparejamiento autom\u00e1tico con listas negras\/verdes en tiempo real<\/span><\/p><\/li><li data-start=\"1659\" data-end=\"1742\"><p data-start=\"1661\" data-end=\"1742\"><span class=\"relative -mx-px my-[-0.2rem] rounded px-px py-[0.2rem] transition-colors duration-100 ease-in-out\">Compatible con montaje en tr\u00edpode, veh\u00edculo o postes urbanos<\/span><\/p><\/li><\/ul><h2 data-start=\"2803\" data-end=\"2834\">Casos de uso recomendados<\/h2><ul data-start=\"2836\" data-end=\"3111\"><li data-start=\"2836\" data-end=\"2909\"><p data-start=\"2838\" data-end=\"2909\">Control de velocidad en autopistas, centros urbanos y zonas escolares<\/p><\/li><li data-start=\"2910\" data-end=\"2968\"><p data-start=\"2912\" data-end=\"2968\">Supervisi\u00f3n de velocidades promedio en tramos cr\u00edticos<\/p><\/li><li data-start=\"2969\" data-end=\"3048\"><p data-start=\"2971\" data-end=\"3048\">Gesti\u00f3n de matr\u00edculas para seguridad, acceso vehicular o cobros autom\u00e1ticos<\/p><\/li><li data-start=\"3049\" data-end=\"3111\"><p data-start=\"3051\" data-end=\"3111\">Operaciones m\u00f3viles para campa\u00f1as o zonas de riesgo temporal<\/p><\/li><\/ul>\t\t\t\t\t\t\t\t<\/div>\n\t\t\t\t<\/div>\n\t\t\t\t<div class=\"elementor-element elementor-element-05099cd elementor-widget elementor-widget-image\" data-id=\"05099cd\" data-element_type=\"widget\" data-widget_type=\"image.default\">\n\t\t\t\t<div class=\"elementor-widget-container\">\n\t\t\t\t\t\t\t\t\t\t\t\t\t\t\t<img decoding=\"async\" width=\"1920\" height=\"1280\" src=\"https:\/\/fixpagprueba.fixgroup.net\/wp-content\/uploads\/2025\/07\/VITRONIC.avif\" class=\"attachment-full size-full wp-image-255\" alt=\"\" srcset=\"https:\/\/fixpagprueba.fixgroup.net\/wp-content\/uploads\/2025\/07\/VITRONIC.avif 1920w, https:\/\/fixpagprueba.fixgroup.net\/wp-content\/uploads\/2025\/07\/VITRONIC-300x200.jpg 300w, https:\/\/fixpagprueba.fixgroup.net\/wp-content\/uploads\/2025\/07\/VITRONIC-1024x683.jpg 1024w, https:\/\/fixpagprueba.fixgroup.net\/wp-content\/uploads\/2025\/07\/VITRONIC-768x512.jpg 768w, https:\/\/fixpagprueba.fixgroup.net\/wp-content\/uploads\/2025\/07\/VITRONIC-1536x1024.jpg 1536w, https:\/\/fixpagprueba.fixgroup.net\/wp-content\/uploads\/2025\/07\/VITRONIC-360x240.jpg 360w\" sizes=\"(max-width: 1920px) 100vw, 1920px\" \/>\t\t\t\t\t\t\t\t\t\t\t\t\t\t\t<\/div>\n\t\t\t\t<\/div>\n\t\t\t\t\t<\/div>\n\t\t\t\t<\/div>\n\t\t<div class=\"elementor-element elementor-element-2485e12 e-flex e-con-boxed e-con e-parent\" data-id=\"2485e12\" data-element_type=\"container\">\n\t\t\t\t\t<div class=\"e-con-inner\">\n\t\t\t\t<div class=\"elementor-element elementor-element-bea8b0a elementor-widget elementor-widget-html\" data-id=\"bea8b0a\" data-element_type=\"widget\" data-widget_type=\"html.default\">\n\t\t\t\t<div class=\"elementor-widget-container\">\n\t\t\t\t\t<a href=\"https:\/\/fixpagprueba.fixgroup.net\/wp-content\/uploads\/2025\/07\/20230704_ProductSheet_FM1_en_web.pdf\" download class=\"boton-descarga\">Descarga DataSheet<\/a>\r\n\r\n<style>\r\n.boton-descarga {\r\n  display: inline-block;\r\n  padding: 10px 20px;\r\n  background-color: #0073aa;\r\n  color: white;\r\n  text-decoration: none;\r\n  border-radius: 5px;\r\n  font-weight: bold;\r\n}\r\n\r\n.boton-descarga:hover {\r\n  background-color: #005177;\r\n}\r\n<\/style>\r\n\t\t\t\t<\/div>\n\t\t\t\t<\/div>\n\t\t\t\t\t<\/div>\n\t\t\t\t<\/div>\n\t\t\t\t<\/div>\n\t\t","protected":false},"excerpt":{"rendered":"<p>C\u00e1maras de Control de Tr\u00e1fico \u2013 Vitronic Soluciones avanzadas para entornos viales seguros y eficientes Vitronic desarrolla sistemas de control de tr\u00e1fico basados en visi\u00f3n artificial y LIDAR, l\u00edderes en precisi\u00f3n, fiabilidad y conformidad legal. Sus c\u00e1maras de alta tecnolog\u00eda son ideales para programas de velocidad, control de tramo y [&hellip;]<\/p>\n","protected":false},"author":1,"featured_media":0,"parent":0,"menu_order":0,"comment_status":"closed","ping_status":"closed","template":"page-templates\/template-pagebuilder-full-width.php","meta":{"footnotes":""},"class_list":["post-250","page","type-page","status-publish","hentry"],"_links":{"self":[{"href":"https:\/\/fixpagprueba.fixgroup.net\/index.php?rest_route=\/wp\/v2\/pages\/250","targetHints":{"allow":["GET"]}}],"collection":[{"href":"https:\/\/fixpagprueba.fixgroup.net\/index.php?rest_route=\/wp\/v2\/pages"}],"about":[{"href":"https:\/\/fixpagprueba.fixgroup.net\/index.php?rest_route=\/wp\/v2\/types\/page"}],"author":[{"embeddable":true,"href":"https:\/\/fixpagprueba.fixgroup.net\/index.php?rest_route=\/wp\/v2\/users\/1"}],"replies":[{"embeddable":true,"href":"https:\/\/fixpagprueba.fixgroup.net\/index.php?rest_route=%2Fwp%2Fv2%2Fcomments&post=250"}],"version-history":[{"count":53,"href":"https:\/\/fixpagprueba.fixgroup.net\/index.php?rest_route=\/wp\/v2\/pages\/250\/revisions"}],"predecessor-version":[{"id":733,"href":"https:\/\/fixpagprueba.fixgroup.net\/index.php?rest_route=\/wp\/v2\/pages\/250\/revisions\/733"}],"wp:attachment":[{"href":"https:\/\/fixpagprueba.fixgroup.net\/index.php?rest_route=%2Fwp%2Fv2%2Fmedia&parent=250"}],"curies":[{"name":"wp","href":"https:\/\/api.w.org\/{rel}","templated":true}]}}