{"id":299,"date":"2025-07-04T21:42:19","date_gmt":"2025-07-04T21:42:19","guid":{"rendered":"https:\/\/fixpagprueba.fixgroup.net\/?page_id=299"},"modified":"2025-07-22T16:20:28","modified_gmt":"2025-07-22T16:20:28","slug":"elementor-pagina-299","status":"publish","type":"page","link":"https:\/\/fixpagprueba.fixgroup.net\/?page_id=299","title":{"rendered":"Equipamiento para Log\u00edstica"},"content":{"rendered":"\t\t<div data-elementor-type=\"wp-page\" data-elementor-id=\"299\" class=\"elementor elementor-299\">\n\t\t\t\t<div class=\"elementor-element elementor-element-7877138 e-flex e-con-boxed e-con e-parent\" data-id=\"7877138\" data-element_type=\"container\" data-settings=\"{&quot;background_background&quot;:&quot;classic&quot;}\">\n\t\t\t\t\t<div class=\"e-con-inner\">\n\t\t\t\t<div class=\"elementor-element elementor-element-d2c1fca elementor-widget elementor-widget-spacer\" data-id=\"d2c1fca\" data-element_type=\"widget\" data-widget_type=\"spacer.default\">\n\t\t\t\t<div class=\"elementor-widget-container\">\n\t\t\t\t\t\t\t<div class=\"elementor-spacer\">\n\t\t\t<div class=\"elementor-spacer-inner\"><\/div>\n\t\t<\/div>\n\t\t\t\t\t\t<\/div>\n\t\t\t\t<\/div>\n\t\t\t\t<div class=\"elementor-element elementor-element-05bb9f8 elementor-widget elementor-widget-heading\" data-id=\"05bb9f8\" data-element_type=\"widget\" data-widget_type=\"heading.default\">\n\t\t\t\t<div class=\"elementor-widget-container\">\n\t\t\t\t\t<h2 class=\"elementor-heading-title elementor-size-default\">Equipamiento para Log\u00edstica<\/h2>\t\t\t\t<\/div>\n\t\t\t\t<\/div>\n\t\t\t\t<div class=\"elementor-element elementor-element-168d73f elementor-widget elementor-widget-text-editor\" data-id=\"168d73f\" data-element_type=\"widget\" data-widget_type=\"text-editor.default\">\n\t\t\t\t<div class=\"elementor-widget-container\">\n\t\t\t\t\t\t\t\t\t<p>Equipos dise\u00f1ados para mejorar la eficiencia operacional en almacenes, centros de distribuci\u00f3n y entornos de log\u00edstica.<\/p>\t\t\t\t\t\t\t\t<\/div>\n\t\t\t\t<\/div>\n\t\t\t\t<div class=\"elementor-element elementor-element-ff099e4 elementor-widget elementor-widget-spacer\" data-id=\"ff099e4\" data-element_type=\"widget\" data-widget_type=\"spacer.default\">\n\t\t\t\t<div class=\"elementor-widget-container\">\n\t\t\t\t\t\t\t<div class=\"elementor-spacer\">\n\t\t\t<div class=\"elementor-spacer-inner\"><\/div>\n\t\t<\/div>\n\t\t\t\t\t\t<\/div>\n\t\t\t\t<\/div>\n\t\t\t\t\t<\/div>\n\t\t\t\t<\/div>\n\t\t<div class=\"elementor-element elementor-element-d38fa21 e-flex e-con-boxed e-con e-parent\" data-id=\"d38fa21\" data-element_type=\"container\">\n\t\t\t\t\t<div class=\"e-con-inner\">\n\t\t\t\t<div class=\"elementor-element elementor-element-cd00962 elementor-widget elementor-widget-spacer\" data-id=\"cd00962\" data-element_type=\"widget\" data-widget_type=\"spacer.default\">\n\t\t\t\t<div class=\"elementor-widget-container\">\n\t\t\t\t\t\t\t<div class=\"elementor-spacer\">\n\t\t\t<div class=\"elementor-spacer-inner\"><\/div>\n\t\t<\/div>\n\t\t\t\t\t\t<\/div>\n\t\t\t\t<\/div>\n\t\t\t\t\t<\/div>\n\t\t\t\t<\/div>\n\t\t<div class=\"elementor-element elementor-element-9358245 e-con-full e-flex e-con e-parent\" data-id=\"9358245\" data-element_type=\"container\" data-settings=\"{&quot;background_background&quot;:&quot;classic&quot;}\">\n\t\t\t\t<div class=\"elementor-element elementor-element-2a27946 elementor-widget elementor-widget-heading\" data-id=\"2a27946\" data-element_type=\"widget\" data-widget_type=\"heading.default\">\n\t\t\t\t<div class=\"elementor-widget-container\">\n\t\t\t\t\t<h2 class=\"elementor-heading-title elementor-size-default\">Sunmi V2s<\/h2>\t\t\t\t<\/div>\n\t\t\t\t<\/div>\n\t\t\t\t<\/div>\n\t\t<div class=\"elementor-element elementor-element-60e8210 e-flex e-con-boxed e-con e-parent\" data-id=\"60e8210\" data-element_type=\"container\">\n\t\t\t\t\t<div class=\"e-con-inner\">\n\t\t<div class=\"elementor-element elementor-element-d9635f2 e-con-full e-flex e-con e-child\" data-id=\"d9635f2\" data-element_type=\"container\">\n\t\t\t\t<div class=\"elementor-element elementor-element-27adb96 elementor-widget elementor-widget-text-editor\" data-id=\"27adb96\" data-element_type=\"widget\" data-widget_type=\"text-editor.default\">\n\t\t\t\t<div class=\"elementor-widget-container\">\n\t\t\t\t\t\t\t\t\t<h2 data-start=\"177\" data-end=\"233\">Terminal m\u00f3vil con impresora integrada<\/h2><p data-start=\"235\" data-end=\"324\">Resistencia, lectura precisa y etiquetado \u00e1gil.<\/p><p data-start=\"326\" data-end=\"355\"><strong data-start=\"326\" data-end=\"355\">Caracter\u00edsticas:<\/strong><\/p><ul data-start=\"356\" data-end=\"929\"><li data-start=\"356\" data-end=\"435\"><p data-start=\"358\" data-end=\"435\"><span class=\"relative -mx-px my-[-0.2rem] rounded px-px py-[0.2rem] transition-colors duration-100 ease-in-out\">Pantalla 5.5\u2033 HD+ (1440\u00d7720\u202fpx), Android 11 (SUNMI OS).<\/span><\/p><\/li><li data-start=\"436\" data-end=\"515\"><p data-start=\"438\" data-end=\"515\"><span class=\"relative -mx-px my-[-0.2rem] rounded px-px py-[0.2rem] transition-colors duration-100 ease-in-out\">CPU Quad-core 2.0\u202fGHz, 2\u202fGB RAM + 16\u202fGB ROM (opcional 3\u202fGB\/32\u202fGB).<\/span><span class=\"\" data-state=\"closed\"><span class=\"ms-1 inline-flex max-w-full items-center relative top-[-0.094rem] animate-[show_150ms_ease-in]\"><\/span><\/span><\/p><\/li><li data-start=\"516\" data-end=\"595\"><p data-start=\"518\" data-end=\"595\"><span class=\"relative -mx-px my-[-0.2rem] rounded px-px py-[0.2rem] transition-colors duration-100 ease-in-out\">Impresora t\u00e9rmica 58\u202fmm, hasta 80\u202fmm\/s, soporta etiquetas y tickets.<\/span><\/p><\/li><li data-start=\"596\" data-end=\"677\"><p data-start=\"598\" data-end=\"677\"><span class=\"relative -mx-px my-[-0.2rem] rounded px-px py-[0.2rem] transition-colors duration-100 ease-in-out\">Esc\u00e1ner 2D profesional opcional, lectura de c\u00f3digos da\u00f1ados.<\/span><span class=\"\" data-state=\"closed\"><span class=\"ms-1 inline-flex max-w-full items-center relative top-[-0.094rem] animate-[show_150ms_ease-in]\"><\/span><\/span><\/p><\/li><li data-start=\"678\" data-end=\"761\"><p data-start=\"680\" data-end=\"761\"><span class=\"relative -mx-px my-[-0.2rem] rounded px-px py-[0.2rem] transition-colors duration-100 ease-in-out\">Bater\u00eda extra\u00edble de 3500\u202fmAh (7.7\u202fV), permite horas de operaci\u00f3n intensa.<\/span><span class=\"\" data-state=\"closed\"><span class=\"ms-1 inline-flex max-w-full items-center relative top-[-0.094rem] animate-[show_150ms_ease-in]\"><\/span><\/span><\/p><\/li><li data-start=\"762\" data-end=\"845\"><p data-start=\"764\" data-end=\"845\"><span class=\"relative -mx-px my-[-0.2rem] rounded px-px py-[0.2rem] transition-colors duration-100 ease-in-out\">Conectividad: 4G\/3G\/2G, Wi\u2011Fi dual\u2011band, GPS, BT, NFC, opcional eSIM.<\/span><\/p><\/li><li data-start=\"846\" data-end=\"929\"><p data-start=\"848\" data-end=\"929\"><span class=\"relative -mx-px my-[-0.2rem] rounded px-px py-[0.2rem] transition-colors duration-100 ease-in-out\">Carcasa robusta con sellado IP54, anti\u2011polvo y ca\u00eddas de hasta 1.2\u202fm.<\/span><\/p><\/li><\/ul><p data-start=\"931\" data-end=\"1030\"><strong data-start=\"931\" data-end=\"955\">Usos en log\u00edstica<\/strong>: picking, inventario, etiquetado en tiempo real y entrega de \u00faltima milla.<\/p>\t\t\t\t\t\t\t\t<\/div>\n\t\t\t\t<\/div>\n\t\t\t\t<\/div>\n\t\t<div class=\"elementor-element elementor-element-3a2a450 e-con-full e-flex e-con e-child\" data-id=\"3a2a450\" data-element_type=\"container\">\n\t\t\t\t<div class=\"elementor-element elementor-element-a66f852 elementor-arrows-position-inside elementor-pagination-position-outside elementor-widget elementor-widget-image-carousel\" data-id=\"a66f852\" data-element_type=\"widget\" data-settings=\"{&quot;slides_to_show&quot;:&quot;1&quot;,&quot;navigation&quot;:&quot;both&quot;,&quot;autoplay&quot;:&quot;yes&quot;,&quot;pause_on_hover&quot;:&quot;yes&quot;,&quot;pause_on_interaction&quot;:&quot;yes&quot;,&quot;autoplay_speed&quot;:5000,&quot;infinite&quot;:&quot;yes&quot;,&quot;effect&quot;:&quot;slide&quot;,&quot;speed&quot;:500}\" data-widget_type=\"image-carousel.default\">\n\t\t\t\t<div class=\"elementor-widget-container\">\n\t\t\t\t\t\t\t<div class=\"elementor-image-carousel-wrapper swiper\" role=\"region\" aria-roledescription=\"carousel\" aria-label=\"Carrusel de im\u00e1genes\" dir=\"ltr\">\n\t\t\t<div class=\"elementor-image-carousel swiper-wrapper\" aria-live=\"off\">\n\t\t\t\t\t\t\t\t<div class=\"swiper-slide\" role=\"group\" aria-roledescription=\"slide\" aria-label=\"1 de 4\"><figure class=\"swiper-slide-inner\"><img decoding=\"async\" class=\"swiper-slide-image\" src=\"https:\/\/fixpagprueba.fixgroup.net\/wp-content\/uploads\/2025\/07\/V3H_-_3-removebg-preview.png\" alt=\"V3H_-_3-removebg-preview\" \/><\/figure><\/div><div class=\"swiper-slide\" role=\"group\" aria-roledescription=\"slide\" aria-label=\"2 de 4\"><figure class=\"swiper-slide-inner\"><img decoding=\"async\" class=\"swiper-slide-image\" src=\"https:\/\/fixpagprueba.fixgroup.net\/wp-content\/uploads\/2025\/07\/V3H_-_4-removebg-preview.png\" alt=\"V3H_-_4-removebg-preview\" \/><\/figure><\/div><div class=\"swiper-slide\" role=\"group\" aria-roledescription=\"slide\" aria-label=\"3 de 4\"><figure class=\"swiper-slide-inner\"><img decoding=\"async\" class=\"swiper-slide-image\" src=\"https:\/\/fixpagprueba.fixgroup.net\/wp-content\/uploads\/2025\/07\/V3H_-_1-removebg-preview.png\" alt=\"V3H_-_1-removebg-preview\" \/><\/figure><\/div><div class=\"swiper-slide\" role=\"group\" aria-roledescription=\"slide\" aria-label=\"4 de 4\"><figure class=\"swiper-slide-inner\"><img decoding=\"async\" class=\"swiper-slide-image\" src=\"https:\/\/fixpagprueba.fixgroup.net\/wp-content\/uploads\/2025\/07\/V3H_-_2-removebg-preview.png\" alt=\"V3H_-_2-removebg-preview\" \/><\/figure><\/div>\t\t\t<\/div>\n\t\t\t\t\t\t\t\t\t\t\t\t<div class=\"elementor-swiper-button elementor-swiper-button-prev\" role=\"button\" tabindex=\"0\">\n\t\t\t\t\t\t<svg aria-hidden=\"true\" class=\"e-font-icon-svg e-eicon-chevron-left\" viewBox=\"0 0 1000 1000\" xmlns=\"http:\/\/www.w3.org\/2000\/svg\"><path d=\"M646 125C629 125 613 133 604 142L308 442C296 454 292 471 292 487 292 504 296 521 308 533L604 854C617 867 629 875 646 875 663 875 679 871 692 858 704 846 713 829 713 812 713 796 708 779 692 767L438 487 692 225C700 217 708 204 708 187 708 171 704 154 692 142 675 129 663 125 646 125Z\"><\/path><\/svg>\t\t\t\t\t<\/div>\n\t\t\t\t\t<div class=\"elementor-swiper-button elementor-swiper-button-next\" role=\"button\" tabindex=\"0\">\n\t\t\t\t\t\t<svg aria-hidden=\"true\" class=\"e-font-icon-svg e-eicon-chevron-right\" viewBox=\"0 0 1000 1000\" xmlns=\"http:\/\/www.w3.org\/2000\/svg\"><path d=\"M696 533C708 521 713 504 713 487 713 471 708 454 696 446L400 146C388 133 375 125 354 125 338 125 325 129 313 142 300 154 292 171 292 187 292 204 296 221 308 233L563 492 304 771C292 783 288 800 288 817 288 833 296 850 308 863 321 871 338 875 354 875 371 875 388 867 400 854L696 533Z\"><\/path><\/svg>\t\t\t\t\t<\/div>\n\t\t\t\t\n\t\t\t\t\t\t\t\t\t<div class=\"swiper-pagination\"><\/div>\n\t\t\t\t\t\t\t\t\t<\/div>\n\t\t\t\t\t\t<\/div>\n\t\t\t\t<\/div>\n\t\t\t\t<\/div>\n\t\t\t\t\t<\/div>\n\t\t\t\t<\/div>\n\t\t<div class=\"elementor-element elementor-element-b5c757e e-flex e-con-boxed e-con e-parent\" data-id=\"b5c757e\" data-element_type=\"container\">\n\t\t\t\t\t<div class=\"e-con-inner\">\n\t\t\t\t<div class=\"elementor-element elementor-element-b558887 elementor-widget elementor-widget-html\" data-id=\"b558887\" data-element_type=\"widget\" data-widget_type=\"html.default\">\n\t\t\t\t<div class=\"elementor-widget-container\">\n\t\t\t\t\t<a href=\"https:\/\/fixpagprueba.fixgroup.net\/wp-content\/uploads\/2025\/07\/v2s_en_new1.pdf\" download class=\"boton-descarga\">Descargar Datasheet<\/a>\r\n\r\n<style>\r\n.boton-descarga {\r\n  display: inline-block;\r\n  padding: 10px 20px;\r\n  background-color: #0073aa;\r\n  color: white;\r\n  text-decoration: none;\r\n  border-radius: 5px;\r\n  font-weight: bold;\r\n}\r\n\r\n.boton-descarga:hover {\r\n  background-color: #005177;\r\n}\r\n<\/style>\r\n\t\t\t\t<\/div>\n\t\t\t\t<\/div>\n\t\t\t\t\t<\/div>\n\t\t\t\t<\/div>\n\t\t<div class=\"elementor-element elementor-element-316a9c9 e-con-full e-flex e-con e-parent\" data-id=\"316a9c9\" data-element_type=\"container\" data-settings=\"{&quot;background_background&quot;:&quot;classic&quot;}\">\n\t\t\t\t<div class=\"elementor-element elementor-element-5ad9d3e elementor-widget elementor-widget-heading\" data-id=\"5ad9d3e\" data-element_type=\"widget\" data-widget_type=\"heading.default\">\n\t\t\t\t<div class=\"elementor-widget-container\">\n\t\t\t\t\t<h2 class=\"elementor-heading-title elementor-size-default\">Sunmi V3H<\/h2>\t\t\t\t<\/div>\n\t\t\t\t<\/div>\n\t\t\t\t<\/div>\n\t\t<div class=\"elementor-element elementor-element-7f918a6 e-flex e-con-boxed e-con e-parent\" data-id=\"7f918a6\" data-element_type=\"container\">\n\t\t\t\t\t<div class=\"e-con-inner\">\n\t\t<div class=\"elementor-element elementor-element-ff62b2f e-con-full e-flex e-con e-child\" data-id=\"ff62b2f\" data-element_type=\"container\">\n\t\t\t\t<div class=\"elementor-element elementor-element-520c29a elementor-widget elementor-widget-text-editor\" data-id=\"520c29a\" data-element_type=\"widget\" data-widget_type=\"text-editor.default\">\n\t\t\t\t<div class=\"elementor-widget-container\">\n\t\t\t\t\t\t\t\t\t<h2 data-start=\"1078\" data-end=\"1140\">Terminal avanzado para operaciones exigentes<\/h2><p data-start=\"1142\" data-end=\"1236\"><strong data-start=\"1142\" data-end=\"1236\">Ideal para entornos exigentes que requieren mayor potencia, seguridad y lectura eficiente.<\/strong><\/p><p data-start=\"1238\" data-end=\"1273\"><strong data-start=\"1238\" data-end=\"1273\">Caracter\u00edsticas:<\/strong><\/p><ul data-start=\"1274\" data-end=\"1777\"><li data-start=\"1274\" data-end=\"1357\"><p data-start=\"1276\" data-end=\"1357\"><span class=\"relative -mx-px my-[-0.2rem] rounded px-px py-[0.2rem] transition-colors duration-100 ease-in-out\">Pantalla 6.75\u2033 HD+ (720\u00d71600\u202fpx), procesador Qualcomm Octa\u2011Core ~2.4\u202fGHz.<\/span><\/p><\/li><li data-start=\"1274\" data-end=\"1357\"><p data-start=\"1276\" data-end=\"1357\"><span class=\"relative -mx-px my-[-0.2rem] rounded px-px py-[0.2rem] transition-colors duration-100 ease-in-out\"><\/span><span class=\"relative -mx-px my-[-0.2rem] rounded px-px py-[0.2rem] transition-colors duration-100 ease-in-out\">Memoria: 4\u202fGB RAM + 64\u202fGB ROM con UFS, optimizada para multitasking.<\/span><\/p><\/li><li data-start=\"1442\" data-end=\"1525\"><p data-start=\"1444\" data-end=\"1525\"><span class=\"relative -mx-px my-[-0.2rem] rounded px-px py-[0.2rem] transition-colors duration-100 ease-in-out\">Impresora t\u00e9rmica de 58\u202fmm (80\u202fmm\/s), con soporte para recibos y etiquetas.<\/span><span class=\"\" data-state=\"closed\"><span class=\"ms-1 inline-flex max-w-full items-center relative top-[-0.094rem] animate-[show_150ms_ease-in]\"><\/span><\/span><\/p><\/li><li data-start=\"1442\" data-end=\"1525\"><p data-start=\"1444\" data-end=\"1525\"><span class=\"\" data-state=\"closed\"><span class=\"ms-1 inline-flex max-w-full items-center relative top-[-0.094rem] animate-[show_150ms_ease-in]\"><a href=\"https:\/\/sunmi.com.ar\/v2s\/?utm_source=chatgpt.com\" target=\"_blank\" rel=\"noopener\" alt=\"https:\/\/sunmi.com.ar\/v2s\/?utm_source=chatgpt.com\" class=\"flex h-4.5 overflow-hidden rounded-xl px-2 text-[9px] font-medium text-token-text-secondary! bg-[#F4F4F4]! dark:bg-[#303030]! transition-colors duration-150 ease-in-out\"><span class=\"relative start-0 bottom-0 flex h-full w-full items-center\"><span class=\"flex h-4 w-full items-center justify-between absolute\"><span class=\"max-w-full grow truncate overflow-hidden text-center\"><\/span><\/span><\/span><\/a><\/span><\/span><span class=\"relative -mx-px my-[-0.2rem] rounded px-px py-[0.2rem] transition-colors duration-100 ease-in-out\">Esc\u00e1ner l\u00e1ser 2D\/1D integrado, alta precisi\u00f3n.<\/span><\/p><\/li><li data-start=\"1610\" data-end=\"1693\"><p data-start=\"1612\" data-end=\"1693\"><span class=\"relative -mx-px my-[-0.2rem] rounded px-px py-[0.2rem] transition-colors duration-100 ease-in-out\">NFC para pagos\/contactless, lector de huella y eSIM.<\/span><span class=\"\" data-state=\"closed\"><span class=\"ms-1 inline-flex max-w-full items-center relative top-[-0.094rem] animate-[show_150ms_ease-in]\"><\/span><\/span><\/p><\/li><li data-start=\"1694\" data-end=\"1777\"><p data-start=\"1696\" data-end=\"1777\"><span class=\"relative -mx-px my-[-0.2rem] rounded px-px py-[0.2rem] transition-colors duration-100 ease-in-out\">Conectividad completa: 4G\/3G\/2G, Wi\u2011Fi ac, Bluetooth 5.0, GPS, micro\u2011SD slot.<\/span><\/p><\/li><\/ul><p data-start=\"1779\" data-end=\"1891\"><strong data-start=\"1779\" data-end=\"1803\">Usos en log\u00edstica<\/strong>: validaci\u00f3n de entregas, gesti\u00f3n de flotas, autenticaci\u00f3n de operarios y handling \u00e1gil.<\/p>\t\t\t\t\t\t\t\t<\/div>\n\t\t\t\t<\/div>\n\t\t\t\t<\/div>\n\t\t<div class=\"elementor-element elementor-element-b29bf83 e-con-full e-flex e-con e-child\" data-id=\"b29bf83\" data-element_type=\"container\">\n\t\t\t\t<div class=\"elementor-element elementor-element-6b2ac51 elementor-arrows-position-inside elementor-pagination-position-outside elementor-widget elementor-widget-image-carousel\" data-id=\"6b2ac51\" data-element_type=\"widget\" data-settings=\"{&quot;slides_to_show&quot;:&quot;1&quot;,&quot;navigation&quot;:&quot;both&quot;,&quot;autoplay&quot;:&quot;yes&quot;,&quot;pause_on_hover&quot;:&quot;yes&quot;,&quot;pause_on_interaction&quot;:&quot;yes&quot;,&quot;autoplay_speed&quot;:5000,&quot;infinite&quot;:&quot;yes&quot;,&quot;effect&quot;:&quot;slide&quot;,&quot;speed&quot;:500}\" data-widget_type=\"image-carousel.default\">\n\t\t\t\t<div class=\"elementor-widget-container\">\n\t\t\t\t\t\t\t<div class=\"elementor-image-carousel-wrapper swiper\" role=\"region\" aria-roledescription=\"carousel\" aria-label=\"Carrusel de im\u00e1genes\" dir=\"ltr\">\n\t\t\t<div class=\"elementor-image-carousel swiper-wrapper\" aria-live=\"off\">\n\t\t\t\t\t\t\t\t<div class=\"swiper-slide\" role=\"group\" aria-roledescription=\"slide\" aria-label=\"1 de 4\"><figure class=\"swiper-slide-inner\"><img decoding=\"async\" class=\"swiper-slide-image\" src=\"https:\/\/fixpagprueba.fixgroup.net\/wp-content\/uploads\/2025\/07\/V2S_-_1-removebg-preview.png\" alt=\"V2S_-_1-removebg-preview\" \/><\/figure><\/div><div class=\"swiper-slide\" role=\"group\" aria-roledescription=\"slide\" aria-label=\"2 de 4\"><figure class=\"swiper-slide-inner\"><img decoding=\"async\" class=\"swiper-slide-image\" src=\"https:\/\/fixpagprueba.fixgroup.net\/wp-content\/uploads\/2025\/07\/V2S_-_4-removebg-preview.png\" alt=\"V2S_-_4-removebg-preview\" \/><\/figure><\/div><div class=\"swiper-slide\" role=\"group\" aria-roledescription=\"slide\" aria-label=\"3 de 4\"><figure class=\"swiper-slide-inner\"><img decoding=\"async\" class=\"swiper-slide-image\" src=\"https:\/\/fixpagprueba.fixgroup.net\/wp-content\/uploads\/2025\/07\/V2S_-_2-removebg-preview.png\" alt=\"V2S_-_2-removebg-preview\" \/><\/figure><\/div><div class=\"swiper-slide\" role=\"group\" aria-roledescription=\"slide\" aria-label=\"4 de 4\"><figure class=\"swiper-slide-inner\"><img decoding=\"async\" class=\"swiper-slide-image\" src=\"https:\/\/fixpagprueba.fixgroup.net\/wp-content\/uploads\/2025\/07\/V2S_-_3-removebg-preview.png\" alt=\"V2S_-_3-removebg-preview\" \/><\/figure><\/div>\t\t\t<\/div>\n\t\t\t\t\t\t\t\t\t\t\t\t<div class=\"elementor-swiper-button elementor-swiper-button-prev\" role=\"button\" tabindex=\"0\">\n\t\t\t\t\t\t<svg aria-hidden=\"true\" class=\"e-font-icon-svg e-eicon-chevron-left\" viewBox=\"0 0 1000 1000\" xmlns=\"http:\/\/www.w3.org\/2000\/svg\"><path d=\"M646 125C629 125 613 133 604 142L308 442C296 454 292 471 292 487 292 504 296 521 308 533L604 854C617 867 629 875 646 875 663 875 679 871 692 858 704 846 713 829 713 812 713 796 708 779 692 767L438 487 692 225C700 217 708 204 708 187 708 171 704 154 692 142 675 129 663 125 646 125Z\"><\/path><\/svg>\t\t\t\t\t<\/div>\n\t\t\t\t\t<div class=\"elementor-swiper-button elementor-swiper-button-next\" role=\"button\" tabindex=\"0\">\n\t\t\t\t\t\t<svg aria-hidden=\"true\" class=\"e-font-icon-svg e-eicon-chevron-right\" viewBox=\"0 0 1000 1000\" xmlns=\"http:\/\/www.w3.org\/2000\/svg\"><path d=\"M696 533C708 521 713 504 713 487 713 471 708 454 696 446L400 146C388 133 375 125 354 125 338 125 325 129 313 142 300 154 292 171 292 187 292 204 296 221 308 233L563 492 304 771C292 783 288 800 288 817 288 833 296 850 308 863 321 871 338 875 354 875 371 875 388 867 400 854L696 533Z\"><\/path><\/svg>\t\t\t\t\t<\/div>\n\t\t\t\t\n\t\t\t\t\t\t\t\t\t<div class=\"swiper-pagination\"><\/div>\n\t\t\t\t\t\t\t\t\t<\/div>\n\t\t\t\t\t\t<\/div>\n\t\t\t\t<\/div>\n\t\t\t\t<\/div>\n\t\t\t\t\t<\/div>\n\t\t\t\t<\/div>\n\t\t<div class=\"elementor-element elementor-element-a2cd31a e-flex e-con-boxed e-con e-parent\" data-id=\"a2cd31a\" data-element_type=\"container\">\n\t\t\t\t\t<div class=\"e-con-inner\">\n\t\t\t\t<div class=\"elementor-element elementor-element-0e272c1 elementor-widget elementor-widget-html\" data-id=\"0e272c1\" data-element_type=\"widget\" data-widget_type=\"html.default\">\n\t\t\t\t<div class=\"elementor-widget-container\">\n\t\t\t\t\t<a href=\"https:\/\/fixpagprueba.fixgroup.net\/wp-content\/uploads\/2025\/07\/Datasheet-V3H-EN\uff08new\uff09.pdf\" download class=\"boton-descarga\">Descargar Datasheet<\/a>\r\n\r\n<style>\r\n.boton-descarga {\r\n  display: inline-block;\r\n  padding: 10px 20px;\r\n  background-color: #0073aa;\r\n  color: white;\r\n  text-decoration: none;\r\n  border-radius: 5px;\r\n  font-weight: bold;\r\n}\r\n\r\n.boton-descarga:hover {\r\n  background-color: #005177;\r\n}\r\n<\/style>\r\n\t\t\t\t<\/div>\n\t\t\t\t<\/div>\n\t\t\t\t\t<\/div>\n\t\t\t\t<\/div>\n\t\t\t\t<\/div>\n\t\t","protected":false},"excerpt":{"rendered":"<p>Equipamiento para Log\u00edstica Equipos dise\u00f1ados para mejorar la eficiencia operacional en almacenes, centros de distribuci\u00f3n y entornos de log\u00edstica. Sunmi V2s Terminal m\u00f3vil con impresora integrada Resistencia, lectura precisa y etiquetado \u00e1gil. Caracter\u00edsticas: Pantalla 5.5\u2033 HD+ (1440\u00d7720\u202fpx), Android 11 (SUNMI OS). CPU Quad-core 2.0\u202fGHz, 2\u202fGB RAM + 16\u202fGB ROM (opcional [&hellip;]<\/p>\n","protected":false},"author":1,"featured_media":0,"parent":0,"menu_order":0,"comment_status":"closed","ping_status":"closed","template":"page-templates\/template-pagebuilder-full-width.php","meta":{"footnotes":""},"class_list":["post-299","page","type-page","status-publish","hentry"],"_links":{"self":[{"href":"https:\/\/fixpagprueba.fixgroup.net\/index.php?rest_route=\/wp\/v2\/pages\/299","targetHints":{"allow":["GET"]}}],"collection":[{"href":"https:\/\/fixpagprueba.fixgroup.net\/index.php?rest_route=\/wp\/v2\/pages"}],"about":[{"href":"https:\/\/fixpagprueba.fixgroup.net\/index.php?rest_route=\/wp\/v2\/types\/page"}],"author":[{"embeddable":true,"href":"https:\/\/fixpagprueba.fixgroup.net\/index.php?rest_route=\/wp\/v2\/users\/1"}],"replies":[{"embeddable":true,"href":"https:\/\/fixpagprueba.fixgroup.net\/index.php?rest_route=%2Fwp%2Fv2%2Fcomments&post=299"}],"version-history":[{"count":31,"href":"https:\/\/fixpagprueba.fixgroup.net\/index.php?rest_route=\/wp\/v2\/pages\/299\/revisions"}],"predecessor-version":[{"id":579,"href":"https:\/\/fixpagprueba.fixgroup.net\/index.php?rest_route=\/wp\/v2\/pages\/299\/revisions\/579"}],"wp:attachment":[{"href":"https:\/\/fixpagprueba.fixgroup.net\/index.php?rest_route=%2Fwp%2Fv2%2Fmedia&parent=299"}],"curies":[{"name":"wp","href":"https:\/\/api.w.org\/{rel}","templated":true}]}}