{"id":330,"date":"2025-07-04T22:22:18","date_gmt":"2025-07-04T22:22:18","guid":{"rendered":"https:\/\/fixpagprueba.fixgroup.net\/?page_id=330"},"modified":"2025-07-22T16:28:28","modified_gmt":"2025-07-22T16:28:28","slug":"equipamiento-para-multas-digitales","status":"publish","type":"page","link":"https:\/\/fixpagprueba.fixgroup.net\/?page_id=330","title":{"rendered":"Equipamiento para Multas Digitales"},"content":{"rendered":"\t\t<div data-elementor-type=\"wp-page\" data-elementor-id=\"330\" class=\"elementor elementor-330\">\n\t\t\t\t<div class=\"elementor-element elementor-element-d19a415 e-flex e-con-boxed e-con e-parent\" data-id=\"d19a415\" data-element_type=\"container\" data-settings=\"{&quot;background_background&quot;:&quot;classic&quot;}\">\n\t\t\t\t\t<div class=\"e-con-inner\">\n\t\t\t\t<div class=\"elementor-element elementor-element-4b4cdcc elementor-widget elementor-widget-spacer\" data-id=\"4b4cdcc\" data-element_type=\"widget\" data-widget_type=\"spacer.default\">\n\t\t\t\t<div class=\"elementor-widget-container\">\n\t\t\t\t\t\t\t<div class=\"elementor-spacer\">\n\t\t\t<div class=\"elementor-spacer-inner\"><\/div>\n\t\t<\/div>\n\t\t\t\t\t\t<\/div>\n\t\t\t\t<\/div>\n\t\t\t\t<div class=\"elementor-element elementor-element-c6d12e3 elementor-widget elementor-widget-heading\" data-id=\"c6d12e3\" data-element_type=\"widget\" data-widget_type=\"heading.default\">\n\t\t\t\t<div class=\"elementor-widget-container\">\n\t\t\t\t\t<h2 class=\"elementor-heading-title elementor-size-default\">Equipamientos para Multas Digitales<\/h2>\t\t\t\t<\/div>\n\t\t\t\t<\/div>\n\t\t\t\t<div class=\"elementor-element elementor-element-3f51706 elementor-widget elementor-widget-text-editor\" data-id=\"3f51706\" data-element_type=\"widget\" data-widget_type=\"text-editor.default\">\n\t\t\t\t<div class=\"elementor-widget-container\">\n\t\t\t\t\t\t\t\t\t<p>Sunmi\u202fP2 \u2013 Terminal inteligente para emisi\u00f3n de multas electr\u00f3nicas<\/p>\t\t\t\t\t\t\t\t<\/div>\n\t\t\t\t<\/div>\n\t\t\t\t<div class=\"elementor-element elementor-element-e1bc332 elementor-widget elementor-widget-text-editor\" data-id=\"e1bc332\" data-element_type=\"widget\" data-widget_type=\"text-editor.default\">\n\t\t\t\t<div class=\"elementor-widget-container\">\n\t\t\t\t\t\t\t\t\t<p><strong data-start=\"0\" data-end=\"94\" data-is-only-node=\"\">Sunmi P2 es un dispositivo de control de infracciones totalmente m\u00f3vil, confiable y seguro<\/strong>, ideal para entornos de tr\u00e1nsito y seguridad vial donde se requieren capturas de datos, im\u00e1genes y firmas sobre la marcha.<\/p>\t\t\t\t\t\t\t\t<\/div>\n\t\t\t\t<\/div>\n\t\t\t\t<div class=\"elementor-element elementor-element-7ef8b87 elementor-widget elementor-widget-spacer\" data-id=\"7ef8b87\" data-element_type=\"widget\" data-widget_type=\"spacer.default\">\n\t\t\t\t<div class=\"elementor-widget-container\">\n\t\t\t\t\t\t\t<div class=\"elementor-spacer\">\n\t\t\t<div class=\"elementor-spacer-inner\"><\/div>\n\t\t<\/div>\n\t\t\t\t\t\t<\/div>\n\t\t\t\t<\/div>\n\t\t\t\t\t<\/div>\n\t\t\t\t<\/div>\n\t\t<div class=\"elementor-element elementor-element-a3655bd e-flex e-con-boxed e-con e-parent\" data-id=\"a3655bd\" data-element_type=\"container\">\n\t\t\t\t\t<div class=\"e-con-inner\">\n\t\t\t\t<div class=\"elementor-element elementor-element-298dc40 elementor-widget elementor-widget-spacer\" data-id=\"298dc40\" data-element_type=\"widget\" data-widget_type=\"spacer.default\">\n\t\t\t\t<div class=\"elementor-widget-container\">\n\t\t\t\t\t\t\t<div class=\"elementor-spacer\">\n\t\t\t<div class=\"elementor-spacer-inner\"><\/div>\n\t\t<\/div>\n\t\t\t\t\t\t<\/div>\n\t\t\t\t<\/div>\n\t\t\t\t\t<\/div>\n\t\t\t\t<\/div>\n\t\t<div class=\"elementor-element elementor-element-54da008 e-con-full e-flex e-con e-parent\" data-id=\"54da008\" data-element_type=\"container\" data-settings=\"{&quot;background_background&quot;:&quot;classic&quot;}\">\n\t\t\t\t<div class=\"elementor-element elementor-element-576080e elementor-widget elementor-widget-heading\" data-id=\"576080e\" data-element_type=\"widget\" data-widget_type=\"heading.default\">\n\t\t\t\t<div class=\"elementor-widget-container\">\n\t\t\t\t\t<h2 class=\"elementor-heading-title elementor-size-default\">Sunmi P2<\/h2>\t\t\t\t<\/div>\n\t\t\t\t<\/div>\n\t\t\t\t<\/div>\n\t\t<div class=\"elementor-element elementor-element-26f7aad e-grid e-con-boxed e-con e-parent\" data-id=\"26f7aad\" data-element_type=\"container\">\n\t\t\t\t\t<div class=\"e-con-inner\">\n\t\t\t\t<div class=\"elementor-element elementor-element-73187c2 elementor-widget elementor-widget-text-editor\" data-id=\"73187c2\" data-element_type=\"widget\" data-widget_type=\"text-editor.default\">\n\t\t\t\t<div class=\"elementor-widget-container\">\n\t\t\t\t\t\t\t\t\t<h2 data-start=\"331\" data-end=\"373\">Especificaciones t\u00e9cnicas destacadas<\/h2><ul data-start=\"375\" data-end=\"866\"><li data-start=\"375\" data-end=\"454\"><p data-start=\"377\" data-end=\"454\"><span class=\"relative -mx-px my-[-0.2rem] rounded px-px py-[0.2rem] transition-colors duration-100 ease-in-out\"><strong data-start=\"0\" data-end=\"44\" data-is-only-node=\"\">Pantalla t\u00e1ctil HD+ de 5.5\u2033 (1440\u00d7720px)<\/strong>, clara y resistente.<\/span><span class=\"\" data-state=\"closed\"><span class=\"ms-1 inline-flex max-w-full items-center relative top-[-0.094rem] animate-[show_150ms_ease-in]\"><\/span><\/span><\/p><\/li><li data-start=\"455\" data-end=\"534\"><p data-start=\"457\" data-end=\"534\"><span class=\"relative -mx-px my-[-0.2rem] rounded px-px py-[0.2rem] transition-colors duration-100 ease-in-out\"><strong data-start=\"0\" data-end=\"45\" data-is-only-node=\"\">Procesador Cortex\u2011A53 Quad\u2011Core a 1.5\u202fGHz<\/strong>, con opci\u00f3n de 1\u202fGB+8\u202fGB o 2\u202fGB+16\u202fGB RAM\/ROM<\/span>.<\/p><\/li><li data-start=\"535\" data-end=\"614\"><p data-start=\"537\" data-end=\"614\"><span class=\"relative -mx-px my-[-0.2rem] rounded px-px py-[0.2rem] transition-colors duration-100 ease-in-out\"><strong data-start=\"0\" data-end=\"39\" data-is-only-node=\"\">Bater\u00eda Li\u2011Po extra\u00edble de 2540\u202fmAh<\/strong>, ideal para m\u00faltiples turnos conectados<\/span><\/p><\/li><li data-start=\"615\" data-end=\"698\"><p data-start=\"617\" data-end=\"698\"><span class=\"relative -mx-px my-[-0.2rem] rounded px-px py-[0.2rem] transition-colors duration-100 ease-in-out\"><strong data-start=\"0\" data-end=\"36\" data-is-only-node=\"\">Impresora t\u00e9rmica Seiko de 58\u202fmm<\/strong>, 70\u202fmm\/s, para emitir comprobantes y multas en tiempo real.<\/span><\/p><\/li><li data-start=\"699\" data-end=\"782\"><p data-start=\"701\" data-end=\"782\"><span class=\"relative -mx-px my-[-0.2rem] rounded px-px py-[0.2rem] transition-colors duration-100 ease-in-out\"><strong data-start=\"0\" data-end=\"28\" data-is-only-node=\"\">C\u00e1maras frontal (0.3\u202fMP)<\/strong> y <strong data-start=\"31\" data-end=\"59\">trasera (5\u202fMP con flash)<\/strong> para captura de evidencia y reconocimiento facial.<\/span>\u00a0<span class=\"\" data-state=\"closed\"><span class=\"ms-1 inline-flex max-w-full items-center relative top-[-0.094rem] animate-[show_150ms_ease-in]\"><\/span><\/span><\/p><\/li><li data-start=\"783\" data-end=\"866\"><p data-start=\"785\" data-end=\"866\"><span class=\"relative -mx-px my-[-0.2rem] rounded px-px py-[0.2rem] transition-colors duration-100 ease-in-out\"><strong data-start=\"0\" data-end=\"27\" data-is-only-node=\"\">Esc\u00e1ner 1D\/2D integrado<\/strong> para lectura de matr\u00edculas, c\u00f3digos QR o documentos<\/span><\/p><\/li><\/ul>\t\t\t\t\t\t\t\t<\/div>\n\t\t\t\t<\/div>\n\t\t\t\t<div class=\"elementor-element elementor-element-74177d7 elementor-widget elementor-widget-image\" data-id=\"74177d7\" data-element_type=\"widget\" data-widget_type=\"image.default\">\n\t\t\t\t<div class=\"elementor-widget-container\">\n\t\t\t\t\t\t\t\t\t\t\t\t\t\t\t<img fetchpriority=\"high\" decoding=\"async\" width=\"354\" height=\"410\" src=\"https:\/\/fixpagprueba.fixgroup.net\/wp-content\/uploads\/2025\/07\/P2_-_1-removebg-preview.png\" class=\"attachment-large size-large wp-image-334\" alt=\"\" srcset=\"https:\/\/fixpagprueba.fixgroup.net\/wp-content\/uploads\/2025\/07\/P2_-_1-removebg-preview.png 354w, https:\/\/fixpagprueba.fixgroup.net\/wp-content\/uploads\/2025\/07\/P2_-_1-removebg-preview-259x300.png 259w\" sizes=\"(max-width: 354px) 100vw, 354px\" \/>\t\t\t\t\t\t\t\t\t\t\t\t\t\t\t<\/div>\n\t\t\t\t<\/div>\n\t\t\t\t\t<\/div>\n\t\t\t\t<\/div>\n\t\t<div class=\"elementor-element elementor-element-49913a1 e-flex e-con-boxed e-con e-parent\" data-id=\"49913a1\" data-element_type=\"container\">\n\t\t\t\t\t<div class=\"e-con-inner\">\n\t\t\t\t<div class=\"elementor-element elementor-element-1f59da5 elementor-widget elementor-widget-text-editor\" data-id=\"1f59da5\" data-element_type=\"widget\" data-widget_type=\"text-editor.default\">\n\t\t\t\t<div class=\"elementor-widget-container\">\n\t\t\t\t\t\t\t\t\t<p>Sunmi P2 (modelo T6900) opera con <strong data-start=\"34\" data-end=\"46\">SUNMI\u202fOS<\/strong> (basado en Android\u202f7.1\/11 Go), dise\u00f1ado para soportar todas las formas de pago electr\u00f3nico, escaneo, captura de imagen y conectividad m\u00f3vil. Lo convierten en una herramienta perfecta para agentes de tr\u00e1nsito que emiten multas digitales en campo.<\/p><ul data-start=\"1096\" data-end=\"1431\"><\/ul><ul data-start=\"1467\" data-end=\"1718\"><\/ul><ul data-start=\"2437\" data-end=\"2612\"><\/ul>\t\t\t\t\t\t\t\t<\/div>\n\t\t\t\t<\/div>\n\t\t\t\t\t<\/div>\n\t\t\t\t<\/div>\n\t\t<div class=\"elementor-element elementor-element-f83b0f9 e-grid e-con-boxed e-con e-parent\" data-id=\"f83b0f9\" data-element_type=\"container\" data-settings=\"{&quot;background_background&quot;:&quot;classic&quot;}\">\n\t\t\t\t\t<div class=\"e-con-inner\">\n\t\t\t\t<div class=\"elementor-element elementor-element-4b4b680 elementor-widget elementor-widget-text-editor\" data-id=\"4b4b680\" data-element_type=\"widget\" data-widget_type=\"text-editor.default\">\n\t\t\t\t<div class=\"elementor-widget-container\">\n\t\t\t\t\t\t\t\t\t<h2 data-start=\"873\" data-end=\"916\">Captura de datos e infracci\u00f3n digital<\/h2><ul data-start=\"918\" data-end=\"1047\"><li data-start=\"918\" data-end=\"961\"><p data-start=\"920\" data-end=\"961\"><span class=\"relative -mx-px my-[-0.2rem] rounded px-px py-[0.2rem] transition-colors duration-100 ease-in-out\"><strong data-start=\"0\" data-end=\"56\" data-is-only-node=\"\">Lectura de c\u00f3digo de barras de tr\u00e1mites o documentos<\/strong> con el esc\u00e1ner 2D.<\/span><\/p><\/li><li data-start=\"962\" data-end=\"1005\"><p data-start=\"964\" data-end=\"1005\"><span class=\"relative -mx-px my-[-0.2rem] rounded px-px py-[0.2rem] transition-colors duration-100 ease-in-out\"><strong data-start=\"0\" data-end=\"47\" data-is-only-node=\"\">Captura de matr\u00edcula y rostro del infractor<\/strong>, con pruebas visuales in situ.<\/span><\/p><\/li><li data-start=\"1006\" data-end=\"1047\"><p data-start=\"1008\" data-end=\"1047\"><span class=\"relative -mx-px my-[-0.2rem] rounded px-px py-[0.2rem] transition-colors duration-100 ease-in-out\"><strong data-start=\"0\" data-end=\"40\" data-is-only-node=\"\">Impresi\u00f3n inmediata de multa digital<\/strong> para entrega f\u00edsica al ciudadano.<\/span><\/p><\/li><\/ul>\t\t\t\t\t\t\t\t<\/div>\n\t\t\t\t<\/div>\n\t\t\t\t<div class=\"elementor-element elementor-element-bdafc51 elementor-widget elementor-widget-text-editor\" data-id=\"bdafc51\" data-element_type=\"widget\" data-widget_type=\"text-editor.default\">\n\t\t\t\t<div class=\"elementor-widget-container\">\n\t\t\t\t\t\t\t\t\t<h2 data-start=\"1054\" data-end=\"1094\">Cumplimiento normativo y seguridad<\/h2><ul data-start=\"1096\" data-end=\"1431\"><li data-start=\"1096\" data-end=\"1179\"><p data-start=\"1098\" data-end=\"1179\"><span class=\"relative -mx-px my-[-0.2rem] rounded px-px py-[0.2rem] transition-colors duration-100 ease-in-out\"><strong data-start=\"0\" data-end=\"27\" data-is-only-node=\"\">Certificaciones PCI PTS<\/strong>, EMV y PBOC 3.0 para tarjetas y pagos seguros.<\/span><\/p><\/li><li data-start=\"1180\" data-end=\"1263\"><p data-start=\"1182\" data-end=\"1263\"><span class=\"relative -mx-px my-[-0.2rem] rounded px-px py-[0.2rem] transition-colors duration-100 ease-in-out\"><strong data-start=\"0\" data-end=\"24\" data-is-only-node=\"\">Criptograf\u00eda robusta<\/strong>: 3DES, AES, RSA, SHA\u2011256, SM2\/SM3\/SM4, DUKPT y est\u00e1ndares NSI X9.<\/span><\/p><\/li><li data-start=\"1264\" data-end=\"1347\"><p data-start=\"1266\" data-end=\"1347\"><span class=\"relative -mx-px my-[-0.2rem] rounded px-px py-[0.2rem] transition-colors duration-100 ease-in-out\"><strong data-start=\"0\" data-end=\"28\" data-is-only-node=\"\">Lector NFC y ranura PSAM<\/strong>, para interacci\u00f3n con sistemas gubernamentales o electr\u00f3nicos sancionadores.<\/span><\/p><\/li><li data-start=\"1348\" data-end=\"1431\"><p data-start=\"1350\" data-end=\"1431\"><span class=\"relative -mx-px my-[-0.2rem] rounded px-px py-[0.2rem] transition-colors duration-100 ease-in-out\"><strong data-start=\"0\" data-end=\"45\" data-is-only-node=\"\">Opcional opcional de huella digital FAP10<\/strong> para firma digital del infractor.<\/span><\/p><\/li><\/ul>\t\t\t\t\t\t\t\t<\/div>\n\t\t\t\t<\/div>\n\t\t\t\t<div class=\"elementor-element elementor-element-2739f00 elementor-widget elementor-widget-text-editor\" data-id=\"2739f00\" data-element_type=\"widget\" data-widget_type=\"text-editor.default\">\n\t\t\t\t<div class=\"elementor-widget-container\">\n\t\t\t\t\t\t\t\t\t<h2 data-start=\"1438\" data-end=\"1465\">Conectividad completa<\/h2><ul data-start=\"1467\" data-end=\"1718\"><li data-start=\"1467\" data-end=\"1550\"><p data-start=\"1469\" data-end=\"1550\"><span class=\"relative -mx-px my-[-0.2rem] rounded px-px py-[0.2rem] transition-colors duration-100 ease-in-out\"><strong data-start=\"0\" data-end=\"24\" data-is-only-node=\"\">Red celular 2G\/3G\/4G<\/strong> con dual SIM para cobertura continua.<\/span><\/p><\/li><li data-start=\"1551\" data-end=\"1634\"><p data-start=\"1553\" data-end=\"1634\"><span class=\"relative -mx-px my-[-0.2rem] rounded px-px py-[0.2rem] transition-colors duration-100 ease-in-out\"><strong data-start=\"0\" data-end=\"19\" data-is-only-node=\"\">Wi\u2011Fi dual-band<\/strong>, <strong data-start=\"21\" data-end=\"38\">Bluetooth 4.2<\/strong>, <strong data-start=\"40\" data-end=\"52\">GPS\/AGPS<\/strong>, y <strong data-start=\"56\" data-end=\"69\">USB-C OTG<\/strong> para integraci\u00f3n con cradles.<\/span><\/p><\/li><li data-start=\"1635\" data-end=\"1718\"><p data-start=\"1637\" data-end=\"1718\"><span class=\"relative -mx-px my-[-0.2rem] rounded px-px py-[0.2rem] transition-colors duration-100 ease-in-out\"><strong data-start=\"0\" data-end=\"30\" data-is-only-node=\"\">Base opcional con Ethernet<\/strong>, ideal para estaciones fijas o recarga en patrullas<\/span><\/p><\/li><\/ul>\t\t\t\t\t\t\t\t<\/div>\n\t\t\t\t<\/div>\n\t\t\t\t<div class=\"elementor-element elementor-element-fd3a0e6 elementor-widget elementor-widget-text-editor\" data-id=\"fd3a0e6\" data-element_type=\"widget\" data-widget_type=\"text-editor.default\">\n\t\t\t\t<div class=\"elementor-widget-container\">\n\t\t\t\t\t\t\t\t\t<h2 data-start=\"2404\" data-end=\"2435\">Casos de uso recomendados<\/h2><ul data-start=\"2437\" data-end=\"2612\"><li data-start=\"2437\" data-end=\"2480\"><p data-start=\"2439\" data-end=\"2480\"><span class=\"relative -mx-px my-[-0.2rem] rounded px-px py-[0.2rem] transition-colors duration-100 ease-in-out\">Control m\u00f3vil en avenidas y calles principales<\/span><\/p><\/li><li data-start=\"2481\" data-end=\"2524\"><p data-start=\"2483\" data-end=\"2524\"><span class=\"relative -mx-px my-[-0.2rem] rounded px-px py-[0.2rem] transition-colors duration-100 ease-in-out\">Emisi\u00f3n de sanciones en zonas escolares o exclusivas<\/span><\/p><\/li><li data-start=\"2525\" data-end=\"2568\"><p data-start=\"2527\" data-end=\"2568\"><span class=\"relative -mx-px my-[-0.2rem] rounded px-px py-[0.2rem] transition-colors duration-100 ease-in-out\">Estacionamientos regulados y monitoreo vehicular<\/span><\/p><\/li><li data-start=\"2569\" data-end=\"2612\"><p data-start=\"2571\" data-end=\"2612\"><span class=\"relative -mx-px my-[-0.2rem] rounded px-px py-[0.2rem] transition-colors duration-100 ease-in-out\">Inspecciones de tr\u00e1nsito en tiempo real<\/span><\/p><\/li><\/ul>\t\t\t\t\t\t\t\t<\/div>\n\t\t\t\t<\/div>\n\t\t\t\t\t<\/div>\n\t\t\t\t<\/div>\n\t\t<div class=\"elementor-element elementor-element-b39b503 e-flex e-con-boxed e-con e-parent\" data-id=\"b39b503\" data-element_type=\"container\">\n\t\t\t\t\t<div class=\"e-con-inner\">\n\t\t\t\t<div class=\"elementor-element elementor-element-12bcff1 elementor-widget elementor-widget-html\" data-id=\"12bcff1\" data-element_type=\"widget\" data-widget_type=\"html.default\">\n\t\t\t\t<div class=\"elementor-widget-container\">\n\t\t\t\t\t<a href=\"https:\/\/fixpagprueba.fixgroup.net\/wp-content\/uploads\/2025\/07\/p2.pdf\" download class=\"boton-descarga\">Descargar Datasheet<\/a>\r\n\r\n<style>\r\n.boton-descarga {\r\n  display: inline-block;\r\n  padding: 10px 20px;\r\n  background-color: #0073aa;\r\n  color: white;\r\n  text-decoration: none;\r\n  border-radius: 5px;\r\n  font-weight: bold;\r\n}\r\n\r\n.boton-descarga:hover {\r\n  background-color: #005177;\r\n}\r\n<\/style>\r\n\t\t\t\t<\/div>\n\t\t\t\t<\/div>\n\t\t\t\t\t<\/div>\n\t\t\t\t<\/div>\n\t\t\t\t<\/div>\n\t\t","protected":false},"excerpt":{"rendered":"<p>Equipamientos para Multas Digitales Sunmi\u202fP2 \u2013 Terminal inteligente para emisi\u00f3n de multas electr\u00f3nicas Sunmi P2 es un dispositivo de control de infracciones totalmente m\u00f3vil, confiable y seguro, ideal para entornos de tr\u00e1nsito y seguridad vial donde se requieren capturas de datos, im\u00e1genes y firmas sobre la marcha. Sunmi P2 Especificaciones [&hellip;]<\/p>\n","protected":false},"author":1,"featured_media":0,"parent":0,"menu_order":0,"comment_status":"closed","ping_status":"closed","template":"page-templates\/template-pagebuilder-full-width.php","meta":{"footnotes":""},"class_list":["post-330","page","type-page","status-publish","hentry"],"_links":{"self":[{"href":"https:\/\/fixpagprueba.fixgroup.net\/index.php?rest_route=\/wp\/v2\/pages\/330","targetHints":{"allow":["GET"]}}],"collection":[{"href":"https:\/\/fixpagprueba.fixgroup.net\/index.php?rest_route=\/wp\/v2\/pages"}],"about":[{"href":"https:\/\/fixpagprueba.fixgroup.net\/index.php?rest_route=\/wp\/v2\/types\/page"}],"author":[{"embeddable":true,"href":"https:\/\/fixpagprueba.fixgroup.net\/index.php?rest_route=\/wp\/v2\/users\/1"}],"replies":[{"embeddable":true,"href":"https:\/\/fixpagprueba.fixgroup.net\/index.php?rest_route=%2Fwp%2Fv2%2Fcomments&post=330"}],"version-history":[{"count":30,"href":"https:\/\/fixpagprueba.fixgroup.net\/index.php?rest_route=\/wp\/v2\/pages\/330\/revisions"}],"predecessor-version":[{"id":594,"href":"https:\/\/fixpagprueba.fixgroup.net\/index.php?rest_route=\/wp\/v2\/pages\/330\/revisions\/594"}],"wp:attachment":[{"href":"https:\/\/fixpagprueba.fixgroup.net\/index.php?rest_route=%2Fwp%2Fv2%2Fmedia&parent=330"}],"curies":[{"name":"wp","href":"https:\/\/api.w.org\/{rel}","templated":true}]}}