{"id":345,"date":"2025-07-07T20:06:05","date_gmt":"2025-07-07T20:06:05","guid":{"rendered":"https:\/\/fixpagprueba.fixgroup.net\/?page_id=345"},"modified":"2025-07-22T16:30:23","modified_gmt":"2025-07-22T16:30:23","slug":"cinemometros","status":"publish","type":"page","link":"https:\/\/fixpagprueba.fixgroup.net\/?page_id=345","title":{"rendered":"Cinem\u00f3metros"},"content":{"rendered":"\t\t<div data-elementor-type=\"wp-page\" data-elementor-id=\"345\" class=\"elementor elementor-345\">\n\t\t\t\t<div class=\"elementor-element elementor-element-472acee e-con-full e-flex e-con e-parent\" data-id=\"472acee\" data-element_type=\"container\" data-settings=\"{&quot;background_background&quot;:&quot;classic&quot;}\">\n\t\t\t\t<div class=\"elementor-element elementor-element-ca685c7 elementor-widget elementor-widget-spacer\" data-id=\"ca685c7\" data-element_type=\"widget\" data-widget_type=\"spacer.default\">\n\t\t\t\t<div class=\"elementor-widget-container\">\n\t\t\t\t\t\t\t<div class=\"elementor-spacer\">\n\t\t\t<div class=\"elementor-spacer-inner\"><\/div>\n\t\t<\/div>\n\t\t\t\t\t\t<\/div>\n\t\t\t\t<\/div>\n\t\t\t\t<div class=\"elementor-element elementor-element-d09ca67 elementor-widget elementor-widget-heading\" data-id=\"d09ca67\" data-element_type=\"widget\" data-widget_type=\"heading.default\">\n\t\t\t\t<div class=\"elementor-widget-container\">\n\t\t\t\t\t<h2 class=\"elementor-heading-title elementor-size-default\">Cinem\u00f3metros<\/h2>\t\t\t\t<\/div>\n\t\t\t\t<\/div>\n\t\t\t\t<div class=\"elementor-element elementor-element-a7d6d1f elementor-widget elementor-widget-text-editor\" data-id=\"a7d6d1f\" data-element_type=\"widget\" data-widget_type=\"text-editor.default\">\n\t\t\t\t<div class=\"elementor-widget-container\">\n\t\t\t\t\t\t\t\t\t<p>Precisi\u00f3n, fiabilidad y seguridad en el control de velocidad vial<\/p>\t\t\t\t\t\t\t\t<\/div>\n\t\t\t\t<\/div>\n\t\t\t\t<div class=\"elementor-element elementor-element-88c1994 elementor-widget elementor-widget-text-editor\" data-id=\"88c1994\" data-element_type=\"widget\" data-widget_type=\"text-editor.default\">\n\t\t\t\t<div class=\"elementor-widget-container\">\n\t\t\t\t\t\t\t\t\t<p><span class=\"relative -mx-px my-[-0.2rem] rounded px-px py-[0.2rem] transition-colors duration-100 ease-in-out\">Los sistemas de cinem\u00f3metros de Vitronic utilizan tecnolog\u00eda LIDAR avanzada para ofrecer mediciones precisas, evidencia fiable y soluciones adaptadas a distintos entornos viales, con certificaci\u00f3n legal y vigilancia 24\/7.<\/span><\/p>\t\t\t\t\t\t\t\t<\/div>\n\t\t\t\t<\/div>\n\t\t\t\t<div class=\"elementor-element elementor-element-cdc9e60 elementor-widget elementor-widget-spacer\" data-id=\"cdc9e60\" data-element_type=\"widget\" data-widget_type=\"spacer.default\">\n\t\t\t\t<div class=\"elementor-widget-container\">\n\t\t\t\t\t\t\t<div class=\"elementor-spacer\">\n\t\t\t<div class=\"elementor-spacer-inner\"><\/div>\n\t\t<\/div>\n\t\t\t\t\t\t<\/div>\n\t\t\t\t<\/div>\n\t\t\t\t<\/div>\n\t\t<div class=\"elementor-element elementor-element-794eabe e-flex e-con-boxed e-con e-parent\" data-id=\"794eabe\" data-element_type=\"container\">\n\t\t\t\t\t<div class=\"e-con-inner\">\n\t\t<div class=\"elementor-element elementor-element-6c39cf0 e-con-full e-flex e-con e-child\" data-id=\"6c39cf0\" data-element_type=\"container\">\n\t\t\t\t<div class=\"elementor-element elementor-element-184eb31 elementor-widget elementor-widget-text-editor\" data-id=\"184eb31\" data-element_type=\"widget\" data-widget_type=\"text-editor.default\">\n\t\t\t\t<div class=\"elementor-widget-container\">\n\t\t\t\t\t\t\t\t\t<h2 data-start=\"271\" data-end=\"322\">POLISCAN Speed\u00a0<\/h2><p data-start=\"324\" data-end=\"380\"><strong data-start=\"324\" data-end=\"380\">LIDAR de escaneo para medici\u00f3n individual por carril<\/strong><\/p><ul data-start=\"382\" data-end=\"871\"><li data-start=\"382\" data-end=\"461\"><p data-start=\"384\" data-end=\"461\"><span class=\"relative -mx-px my-[-0.2rem] rounded px-px py-[0.2rem] transition-colors duration-100 ease-in-out\">Control de hasta <strong data-start=\"17\" data-end=\"49\">4 carriles y dos direcciones<\/strong>, con precisi\u00f3n incluso en tr\u00e1fico denso.<\/span><\/p><\/li><li data-start=\"462\" data-end=\"541\"><p data-start=\"464\" data-end=\"541\"><span class=\"relative -mx-px my-[-0.2rem] rounded px-px py-[0.2rem] transition-colors duration-100 ease-in-out\">Rango de velocidad permisible: <strong data-start=\"31\" data-end=\"49\" data-is-last-node=\"\">hasta 320\u202fkm\/h.<\/strong><\/span><\/p><\/li><li data-start=\"542\" data-end=\"621\"><p data-start=\"544\" data-end=\"621\"><span class=\"relative -mx-px my-[-0.2rem] rounded px-px py-[0.2rem] transition-colors duration-100 ease-in-out\">Tecnolog\u00eda sin contacto: <strong data-start=\"25\" data-end=\"60\">LIDAR basado en tiempo de vuelo<\/strong>, sin necesidad de sensores en la v\u00eda.<\/span><\/p><\/li><li data-start=\"622\" data-end=\"705\"><p data-start=\"624\" data-end=\"705\"><span class=\"relative -mx-px my-[-0.2rem] rounded px-px py-[0.2rem] transition-colors duration-100 ease-in-out\">Disparo autom\u00e1tico de c\u00e1maras en el momento \u00f3ptimo, con marco de lectura sobre la matr\u00edcula.<\/span><\/p><\/li><li data-start=\"706\" data-end=\"789\"><p data-start=\"708\" data-end=\"789\"><span class=\"relative -mx-px my-[-0.2rem] rounded px-px py-[0.2rem] transition-colors duration-100 ease-in-out\">Disponibilidad en versiones: fija (City Design Housing), m\u00f3vil (tr\u00edpode) y semiestacionaria (Enforcement Trailer).<\/span><\/p><\/li><li data-start=\"790\" data-end=\"871\"><p data-start=\"792\" data-end=\"871\"><span class=\"relative -mx-px my-[-0.2rem] rounded px-px py-[0.2rem] transition-colors duration-100 ease-in-out\">Instalaci\u00f3n sencilla, contexto urbano o rural en hasta <strong data-start=\"55\" data-end=\"72\">3 m de altura<\/strong>, con autonom\u00eda de grabaci\u00f3n hasta 10\u202fh y medici\u00f3n hasta 10\u202fd\u00edas.<\/span><\/p><\/li><\/ul><p data-start=\"873\" data-end=\"896\"><strong data-start=\"873\" data-end=\"894\">Beneficios clave:<\/strong><\/p><ul data-start=\"897\" data-end=\"1066\"><li data-start=\"897\" data-end=\"980\"><p data-start=\"899\" data-end=\"980\"><span class=\"relative -mx-px my-[-0.2rem] rounded px-px py-[0.2rem] transition-colors duration-100 ease-in-out\">Mayor n\u00famero de infracciones detectadas, incluso en condiciones adversas.<\/span><\/p><\/li><li data-start=\"981\" data-end=\"1024\"><p data-start=\"983\" data-end=\"1024\"><span class=\"relative -mx-px my-[-0.2rem] rounded px-px py-[0.2rem] transition-colors duration-100 ease-in-out\">Documentaci\u00f3n fiable con respaldo legal<\/span><\/p><\/li><li data-start=\"1025\" data-end=\"1066\"><p data-start=\"1027\" data-end=\"1066\"><span class=\"relative -mx-px my-[-0.2rem] rounded px-px py-[0.2rem] transition-colors duration-100 ease-in-out\">Dise\u00f1o flexible y robusto<\/span><\/p><\/li><\/ul>\t\t\t\t\t\t\t\t<\/div>\n\t\t\t\t<\/div>\n\t\t\t\t<\/div>\n\t\t<div class=\"elementor-element elementor-element-8b09773 e-con-full e-flex e-con e-child\" data-id=\"8b09773\" data-element_type=\"container\">\n\t\t\t\t<div class=\"elementor-element elementor-element-83ebef4 elementor-widget elementor-widget-image\" data-id=\"83ebef4\" data-element_type=\"widget\" data-widget_type=\"image.default\">\n\t\t\t\t<div class=\"elementor-widget-container\">\n\t\t\t\t\t\t\t\t\t\t\t\t\t\t\t<img fetchpriority=\"high\" decoding=\"async\" width=\"716\" height=\"475\" src=\"https:\/\/fixpagprueba.fixgroup.net\/wp-content\/uploads\/2025\/07\/Poliscan-FM1-Cap.png\" class=\"attachment-large size-large wp-image-353\" alt=\"\" srcset=\"https:\/\/fixpagprueba.fixgroup.net\/wp-content\/uploads\/2025\/07\/Poliscan-FM1-Cap.png 716w, https:\/\/fixpagprueba.fixgroup.net\/wp-content\/uploads\/2025\/07\/Poliscan-FM1-Cap-300x199.png 300w, https:\/\/fixpagprueba.fixgroup.net\/wp-content\/uploads\/2025\/07\/Poliscan-FM1-Cap-360x240.png 360w\" sizes=\"(max-width: 716px) 100vw, 716px\" \/>\t\t\t\t\t\t\t\t\t\t\t\t\t\t\t<\/div>\n\t\t\t\t<\/div>\n\t\t\t\t<\/div>\n\t\t\t\t\t<\/div>\n\t\t\t\t<\/div>\n\t\t<div class=\"elementor-element elementor-element-b9eedb0 e-flex e-con-boxed e-con e-parent\" data-id=\"b9eedb0\" data-element_type=\"container\">\n\t\t\t\t\t<div class=\"e-con-inner\">\n\t\t\t\t<div class=\"elementor-element elementor-element-247a5dd elementor-widget elementor-widget-html\" data-id=\"247a5dd\" data-element_type=\"widget\" data-widget_type=\"html.default\">\n\t\t\t\t<div class=\"elementor-widget-container\">\n\t\t\t\t\t<a href=\"https:\/\/fixpagprueba.fixgroup.net\/wp-content\/uploads\/2025\/07\/20230704_ProductSheet_FM1_en_web-1.pdf\" download class=\"boton-descarga\">Descargar Datasheet<\/a>\r\n\r\n<style>\r\n.boton-descarga {\r\n  display: inline-block;\r\n  padding: 10px 20px;\r\n  background-color: #0073aa;\r\n  color: white;\r\n  text-decoration: none;\r\n  border-radius: 5px;\r\n  font-weight: bold;\r\n}\r\n\r\n.boton-descarga:hover {\r\n  background-color: #005177;\r\n}\r\n<\/style>\r\n\t\t\t\t<\/div>\n\t\t\t\t<\/div>\n\t\t\t\t\t<\/div>\n\t\t\t\t<\/div>\n\t\t<div class=\"elementor-element elementor-element-9b7634f e-flex e-con-boxed e-con e-parent\" data-id=\"9b7634f\" data-element_type=\"container\">\n\t\t\t\t\t<div class=\"e-con-inner\">\n\t\t<div class=\"elementor-element elementor-element-dca8d22 e-con-full e-flex e-con e-child\" data-id=\"dca8d22\" data-element_type=\"container\">\n\t\t\t\t<div class=\"elementor-element elementor-element-a22d185 elementor-widget elementor-widget-text-editor\" data-id=\"a22d185\" data-element_type=\"widget\" data-widget_type=\"text-editor.default\">\n\t\t\t\t<div class=\"elementor-widget-container\">\n\t\t\t\t\t\t\t\t\t<h2 data-start=\"1154\" data-end=\"1215\">Enforcement Trailer<\/h2><p data-start=\"1217\" data-end=\"1290\"><strong data-start=\"1217\" data-end=\"1290\">Unit compacta sobre remolque para operaciones temporalmente aut\u00f3nomas<\/strong><\/p><ul data-start=\"1292\" data-end=\"1625\"><li data-start=\"1292\" data-end=\"1375\"><p data-start=\"1294\" data-end=\"1375\"><span class=\"relative -mx-px my-[-0.2rem] rounded px-px py-[0.2rem] transition-colors duration-100 ease-in-out\">Control de velocidad sin requerir infraestructura el\u00e9ctrica, con autonom\u00edas hasta <strong data-start=\"82\" data-end=\"93\" data-is-last-node=\"\">10 d\u00edas.<\/strong><\/span><\/p><\/li><li data-start=\"1376\" data-end=\"1459\"><p data-start=\"1378\" data-end=\"1459\"><span class=\"relative -mx-px my-[-0.2rem] rounded px-px py-[0.2rem] transition-colors duration-100 ease-in-out\">Carcasa blindada, conectividad Wi\u2011Fi para env\u00edo de datos, y ruedas retr\u00e1ctiles para evitar robo.<\/span><\/p><\/li><li data-start=\"1460\" data-end=\"1543\"><p data-start=\"1462\" data-end=\"1543\"><span class=\"relative -mx-px my-[-0.2rem] rounded px-px py-[0.2rem] transition-colors duration-100 ease-in-out\">Despliegue r\u00e1pido: se posiciona con control remoto, se orienta, y opera en cualquier tramo problem\u00e1tico<\/span><\/p><\/li><li data-start=\"1544\" data-end=\"1625\"><p data-start=\"1546\" data-end=\"1625\"><span class=\"relative -mx-px my-[-0.2rem] rounded px-px py-[0.2rem] transition-colors duration-100 ease-in-out\">Utilizado exitosamente en Francia, con m\u00e1s de 250 unidades desplegadas, reducci\u00f3n del 26\u202f% de infracciones detectadas y +25\u202fM\u202f\u20ac en recaudaci\u00f3n.<\/span><\/p><\/li><\/ul><p data-start=\"1627\" data-end=\"1644\"><strong data-start=\"1627\" data-end=\"1642\">Ideal para:<\/strong><\/p><ul data-start=\"1645\" data-end=\"1774\"><li data-start=\"1645\" data-end=\"1688\"><p data-start=\"1647\" data-end=\"1688\"><span class=\"relative -mx-px my-[-0.2rem] rounded px-px py-[0.2rem] transition-colors duration-100 ease-in-out\">Zonas de obras<\/span><\/p><\/li><li data-start=\"1689\" data-end=\"1732\"><p data-start=\"1691\" data-end=\"1732\"><span class=\"relative -mx-px my-[-0.2rem] rounded px-px py-[0.2rem] transition-colors duration-100 ease-in-out\">Tramos con alta incidencia de accidentes<\/span><\/p><\/li><li data-start=\"1733\" data-end=\"1774\"><p data-start=\"1735\" data-end=\"1774\"><span class=\"relative -mx-px my-[-0.2rem] rounded px-px py-[0.2rem] transition-colors duration-100 ease-in-out\">Control itinerante sin infraestructura permanente<\/span><\/p><\/li><\/ul>\t\t\t\t\t\t\t\t<\/div>\n\t\t\t\t<\/div>\n\t\t\t\t<\/div>\n\t\t<div class=\"elementor-element elementor-element-1e93b8b e-con-full e-flex e-con e-child\" data-id=\"1e93b8b\" data-element_type=\"container\">\n\t\t\t\t<div class=\"elementor-element elementor-element-47755d9 elementor-widget elementor-widget-image\" data-id=\"47755d9\" data-element_type=\"widget\" data-widget_type=\"image.default\">\n\t\t\t\t<div class=\"elementor-widget-container\">\n\t\t\t\t\t\t\t\t\t\t\t\t\t\t\t<img decoding=\"async\" width=\"750\" height=\"500\" src=\"https:\/\/fixpagprueba.fixgroup.net\/wp-content\/uploads\/2025\/07\/adc91035-6c09-4471-bb33-f438e3c0c276_VIT_LP_EFT_Segment5_Fifityfitfty-Slide_FlexibelUnterwegs_IMG_1920x1280-1024x683.jpg\" class=\"attachment-large size-large wp-image-355\" alt=\"\" srcset=\"https:\/\/fixpagprueba.fixgroup.net\/wp-content\/uploads\/2025\/07\/adc91035-6c09-4471-bb33-f438e3c0c276_VIT_LP_EFT_Segment5_Fifityfitfty-Slide_FlexibelUnterwegs_IMG_1920x1280-1024x683.jpg 1024w, https:\/\/fixpagprueba.fixgroup.net\/wp-content\/uploads\/2025\/07\/adc91035-6c09-4471-bb33-f438e3c0c276_VIT_LP_EFT_Segment5_Fifityfitfty-Slide_FlexibelUnterwegs_IMG_1920x1280-300x200.jpg 300w, https:\/\/fixpagprueba.fixgroup.net\/wp-content\/uploads\/2025\/07\/adc91035-6c09-4471-bb33-f438e3c0c276_VIT_LP_EFT_Segment5_Fifityfitfty-Slide_FlexibelUnterwegs_IMG_1920x1280-768x512.jpg 768w, https:\/\/fixpagprueba.fixgroup.net\/wp-content\/uploads\/2025\/07\/adc91035-6c09-4471-bb33-f438e3c0c276_VIT_LP_EFT_Segment5_Fifityfitfty-Slide_FlexibelUnterwegs_IMG_1920x1280-1536x1024.jpg 1536w, https:\/\/fixpagprueba.fixgroup.net\/wp-content\/uploads\/2025\/07\/adc91035-6c09-4471-bb33-f438e3c0c276_VIT_LP_EFT_Segment5_Fifityfitfty-Slide_FlexibelUnterwegs_IMG_1920x1280-360x240.jpg 360w, https:\/\/fixpagprueba.fixgroup.net\/wp-content\/uploads\/2025\/07\/adc91035-6c09-4471-bb33-f438e3c0c276_VIT_LP_EFT_Segment5_Fifityfitfty-Slide_FlexibelUnterwegs_IMG_1920x1280.avif 1920w\" sizes=\"(max-width: 750px) 100vw, 750px\" \/>\t\t\t\t\t\t\t\t\t\t\t\t\t\t\t<\/div>\n\t\t\t\t<\/div>\n\t\t\t\t<\/div>\n\t\t\t\t\t<\/div>\n\t\t\t\t<\/div>\n\t\t<div class=\"elementor-element elementor-element-ae81200 e-flex e-con-boxed e-con e-parent\" data-id=\"ae81200\" data-element_type=\"container\">\n\t\t\t\t\t<div class=\"e-con-inner\">\n\t\t\t\t<div class=\"elementor-element elementor-element-936e284 elementor-widget elementor-widget-html\" data-id=\"936e284\" data-element_type=\"widget\" data-widget_type=\"html.default\">\n\t\t\t\t<div class=\"elementor-widget-container\">\n\t\t\t\t\t<a href=\"https:\/\/fixpagprueba.fixgroup.net\/wp-content\/uploads\/2025\/07\/20220321_ProductSheet_Enforcement_Trailer_EN_online.pdf\" download class=\"boton-descarga\">Descargar Datasheet<\/a>\r\n\r\n<style>\r\n.boton-descarga {\r\n  display: inline-block;\r\n  padding: 10px 20px;\r\n  background-color: #0073aa;\r\n  color: white;\r\n  text-decoration: none;\r\n  border-radius: 5px;\r\n  font-weight: bold;\r\n}\r\n\r\n.boton-descarga:hover {\r\n  background-color: #005177;\r\n}\r\n<\/style>\r\n\t\t\t\t<\/div>\n\t\t\t\t<\/div>\n\t\t\t\t\t<\/div>\n\t\t\t\t<\/div>\n\t\t<div class=\"elementor-element elementor-element-00450db e-flex e-con-boxed e-con e-parent\" data-id=\"00450db\" data-element_type=\"container\">\n\t\t\t\t\t<div class=\"e-con-inner\">\n\t\t<div class=\"elementor-element elementor-element-0d7fd4c e-con-full e-flex e-con e-child\" data-id=\"0d7fd4c\" data-element_type=\"container\">\n\t\t\t\t<div class=\"elementor-element elementor-element-607f624 elementor-widget elementor-widget-text-editor\" data-id=\"607f624\" data-element_type=\"widget\" data-widget_type=\"text-editor.default\">\n\t\t\t\t<div class=\"elementor-widget-container\">\n\t\t\t\t\t\t\t\t\t<h2 data-start=\"2314\" data-end=\"2362\">POLISCAN Connect (Gesti\u00f3n centralizada)<\/h2><p data-start=\"2364\" data-end=\"2412\"><strong data-start=\"2364\" data-end=\"2412\">Plataforma para monitoreo y control integral<\/strong><\/p><ul data-start=\"2414\" data-end=\"2583\"><li data-start=\"2414\" data-end=\"2457\"><p data-start=\"2416\" data-end=\"2457\"><span class=\"relative -mx-px my-[-0.2rem] rounded px-px py-[0.2rem] transition-colors duration-100 ease-in-out\">Interfaz web para visualizar, configurar y supervisar todos los cinem\u00f3metros<\/span><\/p><\/li><li data-start=\"2458\" data-end=\"2501\"><p data-start=\"2460\" data-end=\"2501\"><span class=\"relative -mx-px my-[-0.2rem] rounded px-px py-[0.2rem] transition-colors duration-100 ease-in-out\">Alertas autom\u00e1ticas, reportes operativos y extracci\u00f3n de im\u00e1genes\/calidad jur\u00eddica<\/span><\/p><\/li><li data-start=\"2502\" data-end=\"2583\"><p data-start=\"2504\" data-end=\"2583\"><span class=\"relative -mx-px my-[-0.2rem] rounded px-px py-[0.2rem] transition-colors duration-100 ease-in-out\">Reduce necesidad de inspecciones f\u00edsicas al agilizar gesti\u00f3n y procesamiento de infracciones<\/span><\/p><\/li><\/ul>\t\t\t\t\t\t\t\t<\/div>\n\t\t\t\t<\/div>\n\t\t\t\t<\/div>\n\t\t<div class=\"elementor-element elementor-element-3e99e26 e-con-full e-flex e-con e-child\" data-id=\"3e99e26\" data-element_type=\"container\">\n\t\t\t\t<div class=\"elementor-element elementor-element-d9a9660 elementor-widget elementor-widget-image\" data-id=\"d9a9660\" data-element_type=\"widget\" data-widget_type=\"image.default\">\n\t\t\t\t<div class=\"elementor-widget-container\">\n\t\t\t\t\t\t\t\t\t\t\t\t\t\t\t<img decoding=\"async\" width=\"750\" height=\"421\" src=\"https:\/\/fixpagprueba.fixgroup.net\/wp-content\/uploads\/2025\/07\/1634196871634.jpg\" class=\"attachment-large size-large wp-image-356\" alt=\"\" srcset=\"https:\/\/fixpagprueba.fixgroup.net\/wp-content\/uploads\/2025\/07\/1634196871634.jpg 800w, https:\/\/fixpagprueba.fixgroup.net\/wp-content\/uploads\/2025\/07\/1634196871634-300x168.jpg 300w, https:\/\/fixpagprueba.fixgroup.net\/wp-content\/uploads\/2025\/07\/1634196871634-768x431.jpg 768w\" sizes=\"(max-width: 750px) 100vw, 750px\" \/>\t\t\t\t\t\t\t\t\t\t\t\t\t\t\t<\/div>\n\t\t\t\t<\/div>\n\t\t\t\t<\/div>\n\t\t\t\t\t<\/div>\n\t\t\t\t<\/div>\n\t\t<div class=\"elementor-element elementor-element-611e8ec e-flex e-con-boxed e-con e-parent\" data-id=\"611e8ec\" data-element_type=\"container\">\n\t\t\t\t\t<div class=\"e-con-inner\">\n\t\t\t\t<div class=\"elementor-element elementor-element-df2eeae elementor-widget elementor-widget-html\" data-id=\"df2eeae\" data-element_type=\"widget\" data-widget_type=\"html.default\">\n\t\t\t\t<div class=\"elementor-widget-container\">\n\t\t\t\t\t<a href=\"https:\/\/fixpagprueba.fixgroup.net\/wp-content\/uploads\/2025\/07\/aCQ7iidWJ-7kSDGa_2025_ProductSheet_SSPX1.6_EN_online-1-.pdf\" download class=\"boton-descarga\">Descargar Datasheet<\/a>\r\n\r\n<style>\r\n.boton-descarga {\r\n  display: inline-block;\r\n  padding: 10px 20px;\r\n  background-color: #0073aa;\r\n  color: white;\r\n  text-decoration: none;\r\n  border-radius: 5px;\r\n  font-weight: bold;\r\n}\r\n\r\n.boton-descarga:hover {\r\n  background-color: #005177;\r\n}\r\n<\/style>\r\n\t\t\t\t<\/div>\n\t\t\t\t<\/div>\n\t\t\t\t\t<\/div>\n\t\t\t\t<\/div>\n\t\t\t\t<\/div>\n\t\t","protected":false},"excerpt":{"rendered":"<p>Cinem\u00f3metros Precisi\u00f3n, fiabilidad y seguridad en el control de velocidad vial Los sistemas de cinem\u00f3metros de Vitronic utilizan tecnolog\u00eda LIDAR avanzada para ofrecer mediciones precisas, evidencia fiable y soluciones adaptadas a distintos entornos viales, con certificaci\u00f3n legal y vigilancia 24\/7. POLISCAN Speed\u00a0 LIDAR de escaneo para medici\u00f3n individual por carril [&hellip;]<\/p>\n","protected":false},"author":1,"featured_media":0,"parent":0,"menu_order":0,"comment_status":"closed","ping_status":"closed","template":"page-templates\/template-pagebuilder-full-width.php","meta":{"footnotes":""},"class_list":["post-345","page","type-page","status-publish","hentry"],"_links":{"self":[{"href":"https:\/\/fixpagprueba.fixgroup.net\/index.php?rest_route=\/wp\/v2\/pages\/345","targetHints":{"allow":["GET"]}}],"collection":[{"href":"https:\/\/fixpagprueba.fixgroup.net\/index.php?rest_route=\/wp\/v2\/pages"}],"about":[{"href":"https:\/\/fixpagprueba.fixgroup.net\/index.php?rest_route=\/wp\/v2\/types\/page"}],"author":[{"embeddable":true,"href":"https:\/\/fixpagprueba.fixgroup.net\/index.php?rest_route=\/wp\/v2\/users\/1"}],"replies":[{"embeddable":true,"href":"https:\/\/fixpagprueba.fixgroup.net\/index.php?rest_route=%2Fwp%2Fv2%2Fcomments&post=345"}],"version-history":[{"count":11,"href":"https:\/\/fixpagprueba.fixgroup.net\/index.php?rest_route=\/wp\/v2\/pages\/345\/revisions"}],"predecessor-version":[{"id":597,"href":"https:\/\/fixpagprueba.fixgroup.net\/index.php?rest_route=\/wp\/v2\/pages\/345\/revisions\/597"}],"wp:attachment":[{"href":"https:\/\/fixpagprueba.fixgroup.net\/index.php?rest_route=%2Fwp%2Fv2%2Fmedia&parent=345"}],"curies":[{"name":"wp","href":"https:\/\/api.w.org\/{rel}","templated":true}]}}