{"id":361,"date":"2025-07-07T20:41:26","date_gmt":"2025-07-07T20:41:26","guid":{"rendered":"https:\/\/fixpagprueba.fixgroup.net\/?page_id=361"},"modified":"2025-07-22T16:42:26","modified_gmt":"2025-07-22T16:42:26","slug":"control-de-intersecciones","status":"publish","type":"page","link":"https:\/\/fixpagprueba.fixgroup.net\/?page_id=361","title":{"rendered":"Control de Intersecciones"},"content":{"rendered":"\t\t<div data-elementor-type=\"wp-page\" data-elementor-id=\"361\" class=\"elementor elementor-361\">\n\t\t\t\t<div class=\"elementor-element elementor-element-fafd64a e-flex e-con-boxed e-con e-parent\" data-id=\"fafd64a\" data-element_type=\"container\" data-settings=\"{&quot;background_background&quot;:&quot;classic&quot;}\">\n\t\t\t\t\t<div class=\"e-con-inner\">\n\t\t\t\t<div class=\"elementor-element elementor-element-2ee8240 elementor-widget elementor-widget-spacer\" data-id=\"2ee8240\" data-element_type=\"widget\" data-widget_type=\"spacer.default\">\n\t\t\t\t<div class=\"elementor-widget-container\">\n\t\t\t\t\t\t\t<div class=\"elementor-spacer\">\n\t\t\t<div class=\"elementor-spacer-inner\"><\/div>\n\t\t<\/div>\n\t\t\t\t\t\t<\/div>\n\t\t\t\t<\/div>\n\t\t\t\t<div class=\"elementor-element elementor-element-9770d9e elementor-widget elementor-widget-heading\" data-id=\"9770d9e\" data-element_type=\"widget\" data-widget_type=\"heading.default\">\n\t\t\t\t<div class=\"elementor-widget-container\">\n\t\t\t\t\t<h2 class=\"elementor-heading-title elementor-size-default\">Control de Intersecciones \u2013 Vitronic REDLIGHT<\/h2>\t\t\t\t<\/div>\n\t\t\t\t<\/div>\n\t\t\t\t<div class=\"elementor-element elementor-element-6c070c6 elementor-widget elementor-widget-text-editor\" data-id=\"6c070c6\" data-element_type=\"widget\" data-widget_type=\"text-editor.default\">\n\t\t\t\t<div class=\"elementor-widget-container\">\n\t\t\t\t\t\t\t\t\t<p>Tecnolog\u00eda avanzada para seguridad y cumplimiento vial<\/p><p>POLISCAN Redlight de Vitronic es un sistema modular e inteligente que act\u00faa sin sensores en calzada, combinando LIDAR y video para capturar infracciones semaf\u00f3ricas, velocidades, giros indebidos y cruce de l\u00edneas de alto, en entornos complejos.<\/p>\t\t\t\t\t\t\t\t<\/div>\n\t\t\t\t<\/div>\n\t\t\t\t<div class=\"elementor-element elementor-element-bd326ea elementor-widget elementor-widget-spacer\" data-id=\"bd326ea\" data-element_type=\"widget\" data-widget_type=\"spacer.default\">\n\t\t\t\t<div class=\"elementor-widget-container\">\n\t\t\t\t\t\t\t<div class=\"elementor-spacer\">\n\t\t\t<div class=\"elementor-spacer-inner\"><\/div>\n\t\t<\/div>\n\t\t\t\t\t\t<\/div>\n\t\t\t\t<\/div>\n\t\t\t\t\t<\/div>\n\t\t\t\t<\/div>\n\t\t<div class=\"elementor-element elementor-element-0a37045 e-flex e-con-boxed e-con e-parent\" data-id=\"0a37045\" data-element_type=\"container\">\n\t\t\t\t\t<div class=\"e-con-inner\">\n\t\t\t\t<div class=\"elementor-element elementor-element-81ff6eb elementor-widget elementor-widget-video\" data-id=\"81ff6eb\" data-element_type=\"widget\" data-settings=\"{&quot;youtube_url&quot;:&quot;https:\\\/\\\/youtu.be\\\/jSniqy7rihs?si=fAoVr4b8mrxkyq-a&quot;,&quot;autoplay&quot;:&quot;yes&quot;,&quot;play_on_mobile&quot;:&quot;yes&quot;,&quot;mute&quot;:&quot;yes&quot;,&quot;loop&quot;:&quot;yes&quot;,&quot;video_type&quot;:&quot;youtube&quot;,&quot;controls&quot;:&quot;yes&quot;}\" data-widget_type=\"video.default\">\n\t\t\t\t<div class=\"elementor-widget-container\">\n\t\t\t\t\t\t\t<div class=\"elementor-wrapper elementor-open-inline\">\n\t\t\t<div class=\"elementor-video\"><\/div>\t\t<\/div>\n\t\t\t\t\t\t<\/div>\n\t\t\t\t<\/div>\n\t\t\t\t\t<\/div>\n\t\t\t\t<\/div>\n\t\t<div class=\"elementor-element elementor-element-d106c3c e-grid e-con-boxed e-con e-parent\" data-id=\"d106c3c\" data-element_type=\"container\">\n\t\t\t\t\t<div class=\"e-con-inner\">\n\t\t\t\t<div class=\"elementor-element elementor-element-ce28c5b elementor-widget elementor-widget-text-editor\" data-id=\"ce28c5b\" data-element_type=\"widget\" data-widget_type=\"text-editor.default\">\n\t\t\t\t<div class=\"elementor-widget-container\">\n\t\t\t\t\t\t\t\t\t<h2 data-start=\"282\" data-end=\"318\">\u00bfQu\u00e9 ofrece POLISCAN Redlight?<\/h2><ul data-start=\"320\" data-end=\"557\"><li data-start=\"320\" data-end=\"399\"><p data-start=\"322\" data-end=\"399\"><span class=\"relative -mx-px my-[-0.2rem] rounded px-px py-[0.2rem] transition-colors duration-100 ease-in-out\"><strong data-start=\"0\" data-end=\"25\" data-is-only-node=\"\">Sistema cero contacto<\/strong>: sin necesidad de loops ni sensores en el pavimento<\/span><\/p><\/li><li data-start=\"400\" data-end=\"479\"><p data-start=\"402\" data-end=\"479\"><span class=\"relative -mx-px my-[-0.2rem] rounded px-px py-[0.2rem] transition-colors duration-100 ease-in-out\"><strong data-start=\"0\" data-end=\"22\" data-is-only-node=\"\">Alta escalabilidad<\/strong>: soporte de m\u00faltiples carriles y direcciones mediante tecnolog\u00eda video, LIDAR o h\u00edbrida.<\/span><\/p><\/li><li data-start=\"480\" data-end=\"557\"><p data-start=\"482\" data-end=\"557\"><span class=\"relative -mx-px my-[-0.2rem] rounded px-px py-[0.2rem] transition-colors duration-100 ease-in-out\"><strong data-start=\"0\" data-end=\"39\" data-is-only-node=\"\">Detecci\u00f3n de m\u00faltiples infracciones<\/strong>: paso con luz roja, exceso de velocidad, giros indebidos, bloqueo de cruce, invasi\u00f3n de zonas peatonales.<\/span><\/p><\/li><\/ul><h2 data-start=\"564\" data-end=\"606\"><\/h2><h2 data-start=\"564\" data-end=\"606\">Protecci\u00f3n para usuarios vulnerables<\/h2><ul data-start=\"608\" data-end=\"773\"><li data-start=\"608\" data-end=\"691\"><p data-start=\"610\" data-end=\"691\"><span class=\"relative -mx-px my-[-0.2rem] rounded px-px py-[0.2rem] transition-colors duration-100 ease-in-out\">Tecnolog\u00eda <strong data-start=\"11\" data-end=\"17\">AI<\/strong> que discrimina motocicletas, peatones y ciclistas frente a veh\u00edculos motorizados.<\/span><\/p><\/li><li data-start=\"692\" data-end=\"773\"><p data-start=\"694\" data-end=\"773\"><span class=\"relative -mx-px my-[-0.2rem] rounded px-px py-[0.2rem] transition-colors duration-100 ease-in-out\">Opcional coordinaci\u00f3n con sem\u00e1foros para otorgar prioridad peatonal antes de cruzar.<\/span><\/p><\/li><\/ul><h2 data-start=\"780\" data-end=\"813\"><\/h2><h2 data-start=\"780\" data-end=\"813\">Caracter\u00edsticas principales<\/h2><ul data-start=\"815\" data-end=\"1028\"><li data-start=\"815\" data-end=\"858\"><p data-start=\"817\" data-end=\"858\"><span class=\"relative -mx-px my-[-0.2rem] rounded px-px py-[0.2rem] transition-colors duration-100 ease-in-out\">Detecci\u00f3n frontal y trasera simult\u00e1nea<\/span><\/p><\/li><li data-start=\"859\" data-end=\"902\"><p data-start=\"861\" data-end=\"902\"><span class=\"relative -mx-px my-[-0.2rem] rounded px-px py-[0.2rem] transition-colors duration-100 ease-in-out\">Captura de sem\u00e1foro por detecci\u00f3n \u00f3ptica<\/span><\/p><\/li><li data-start=\"903\" data-end=\"946\"><p data-start=\"905\" data-end=\"946\"><span class=\"relative -mx-px my-[-0.2rem] rounded px-px py-[0.2rem] transition-colors duration-100 ease-in-out\">Fotograf\u00edas documentales con reconocimiento autom\u00e1tico de placas (ALPR)<\/span><\/p><\/li><li data-start=\"947\" data-end=\"1028\"><p data-start=\"949\" data-end=\"1028\"><span class=\"relative -mx-px my-[-0.2rem] rounded px-px py-[0.2rem] transition-colors duration-100 ease-in-out\">Estad\u00edsticas de tr\u00e1fico integradas<\/span><\/p><\/li><\/ul>\t\t\t\t\t\t\t\t<\/div>\n\t\t\t\t<\/div>\n\t\t\t\t<div class=\"elementor-element elementor-element-10fe8d5 elementor-widget elementor-widget-image\" data-id=\"10fe8d5\" data-element_type=\"widget\" data-widget_type=\"image.default\">\n\t\t\t\t<div class=\"elementor-widget-container\">\n\t\t\t\t\t\t\t\t\t\t\t\t\t\t\t<img decoding=\"async\" width=\"165\" height=\"300\" src=\"https:\/\/fixpagprueba.fixgroup.net\/wp-content\/uploads\/2025\/07\/RedLight-165x300.png\" class=\"attachment-medium size-medium wp-image-366\" alt=\"\" srcset=\"https:\/\/fixpagprueba.fixgroup.net\/wp-content\/uploads\/2025\/07\/RedLight-165x300.png 165w, https:\/\/fixpagprueba.fixgroup.net\/wp-content\/uploads\/2025\/07\/RedLight.png 270w\" sizes=\"(max-width: 165px) 100vw, 165px\" \/>\t\t\t\t\t\t\t\t\t\t\t\t\t\t\t<\/div>\n\t\t\t\t<\/div>\n\t\t\t\t\t<\/div>\n\t\t\t\t<\/div>\n\t\t<div class=\"elementor-element elementor-element-7168f28 e-con-full e-flex e-con e-parent\" data-id=\"7168f28\" data-element_type=\"container\" data-settings=\"{&quot;background_background&quot;:&quot;classic&quot;}\">\n\t\t\t\t<div class=\"elementor-element elementor-element-402ab58 elementor-widget elementor-widget-heading\" data-id=\"402ab58\" data-element_type=\"widget\" data-widget_type=\"heading.default\">\n\t\t\t\t<div class=\"elementor-widget-container\">\n\t\t\t\t\t<h2 class=\"elementor-heading-title elementor-size-default\">Beneficios<\/h2>\t\t\t\t<\/div>\n\t\t\t\t<\/div>\n\t\t\t\t<\/div>\n\t\t<div class=\"elementor-element elementor-element-7c5a34e e-flex e-con-boxed e-con e-parent\" data-id=\"7c5a34e\" data-element_type=\"container\">\n\t\t\t\t\t<div class=\"e-con-inner\">\n\t\t<div class=\"elementor-element elementor-element-4b118b6 e-con-full e-flex e-con e-child\" data-id=\"4b118b6\" data-element_type=\"container\">\n\t\t\t\t<div class=\"elementor-element elementor-element-5c86fdb elementor-widget elementor-widget-text-editor\" data-id=\"5c86fdb\" data-element_type=\"widget\" data-widget_type=\"text-editor.default\">\n\t\t\t\t<div class=\"elementor-widget-container\">\n\t\t\t\t\t\t\t\t\t<h2 data-start=\"1380\" data-end=\"1415\">Ventajas para tu entorno vial<\/h2><div class=\"_tableContainer_80l1q_1\"><div class=\"_tableWrapper_80l1q_14 group flex w-fit flex-col-reverse\" tabindex=\"-1\"><table data-start=\"1417\" data-end=\"2009\" class=\"w-fit min-w-(--thread-content-width)\"><thead data-start=\"1417\" data-end=\"1484\"><tr data-start=\"1417\" data-end=\"1484\"><th data-start=\"1417\" data-end=\"1453\" data-col-size=\"sm\"><strong>Tecnolog\u00eda<\/strong><\/th><th data-start=\"1453\" data-end=\"1484\" data-col-size=\"md\"><strong>Beneficio para el municipio<\/strong><\/th><\/tr><\/thead><tbody data-start=\"1553\" data-end=\"2009\"><tr data-start=\"1553\" data-end=\"1648\"><td data-start=\"1553\" data-end=\"1605\" data-col-size=\"sm\"><span class=\"relative -mx-px my-[-0.2rem] rounded px-px py-[0.2rem] transition-colors duration-100 ease-in-out\">Detecci\u00f3n sin contacto<\/span><\/td><td data-start=\"1605\" data-end=\"1648\" data-col-size=\"md\"><span class=\"relative -mx-px my-[-0.2rem] rounded px-px py-[0.2rem] transition-colors duration-100 ease-in-out\">Menor inversi\u00f3n en infraestructura<\/span><\/td><\/tr><tr data-start=\"1649\" data-end=\"1774\"><td data-start=\"1649\" data-end=\"1691\" data-col-size=\"sm\"><span class=\"relative -mx-px my-[-0.2rem] rounded px-px py-[0.2rem] transition-colors duration-100 ease-in-out\">AI con reconocimiento de usuarios<\/span><\/td><td data-start=\"1691\" data-end=\"1774\" data-col-size=\"md\"><span class=\"relative -mx-px my-[-0.2rem] rounded px-px py-[0.2rem] transition-colors duration-100 ease-in-out\">Mayor protecci\u00f3n y confianza ciudadana<\/span> <span class=\"\" data-state=\"closed\"><span class=\"ms-1 inline-flex max-w-full items-center relative top-[-0.094rem] animate-[show_150ms_ease-in]\"><\/span><\/span><span class=\"\" data-state=\"closed\"><span class=\"ms-1 inline-flex max-w-full items-center relative top-[-0.094rem] animate-[show_150ms_ease-in]\"><\/span><\/span><span class=\"\" data-state=\"closed\"><span class=\"ms-1 inline-flex max-w-full items-center relative top-[-0.094rem] animate-[show_150ms_ease-in]\"><\/span><\/span><\/td><\/tr><tr data-start=\"1775\" data-end=\"1850\"><td data-start=\"1775\" data-end=\"1810\" data-col-size=\"sm\">Modularidad y escalabilidad<\/td><td data-start=\"1810\" data-end=\"1850\" data-col-size=\"md\">Adaptaci\u00f3n por presupuesto y tr\u00e1fico<\/td><\/tr><tr data-start=\"1851\" data-end=\"1936\"><td data-start=\"1851\" data-end=\"1885\" data-col-size=\"sm\">Documentaci\u00f3n legal integrada<\/td><td data-start=\"1885\" data-end=\"1936\" data-col-size=\"md\">Evidencia clara, fotograf\u00edas, placas y sem\u00e1foro<\/td><\/tr><tr data-start=\"1937\" data-end=\"2009\"><td data-start=\"1937\" data-end=\"1971\" data-col-size=\"sm\">Instalaci\u00f3n r\u00e1pida y flexible<\/td><td data-start=\"1971\" data-end=\"2009\" data-col-size=\"md\">Ideal para zonas urbanas din\u00e1micas<\/td><\/tr><\/tbody><\/table><\/div><\/div>\t\t\t\t\t\t\t\t<\/div>\n\t\t\t\t<\/div>\n\t\t\t\t<\/div>\n\t\t<div class=\"elementor-element elementor-element-823e976 e-con-full e-flex e-con e-child\" data-id=\"823e976\" data-element_type=\"container\">\n\t\t\t\t<div class=\"elementor-element elementor-element-8179814 elementor-widget elementor-widget-text-editor\" data-id=\"8179814\" data-element_type=\"widget\" data-widget_type=\"text-editor.default\">\n\t\t\t\t<div class=\"elementor-widget-container\">\n\t\t\t\t\t\t\t\t\t<h4 data-start=\"2177\" data-end=\"2222\">Gesti\u00f3n centralizada \u2013 POLISCAN Connect<\/h4><ul data-start=\"2224\" data-end=\"2349\"><li data-start=\"2224\" data-end=\"2267\"><p data-start=\"2226\" data-end=\"2267\"><span class=\"relative -mx-px my-[-0.2rem] rounded px-px py-[0.2rem] transition-colors duration-100 ease-in-out\">Plataforma web para monitorear, gestionar y descargar evidencias<\/span><\/p><\/li><li data-start=\"2268\" data-end=\"2349\"><p data-start=\"2270\" data-end=\"2349\"><span class=\"relative -mx-px my-[-0.2rem] rounded px-px py-[0.2rem] transition-colors duration-100 ease-in-out\">Alertas, informes, control remoto sin visitas frecuentes<\/span><\/p><\/li><\/ul><h4 data-start=\"2356\" data-end=\"2385\">Implementaci\u00f3n sugerida<\/h4><ol data-start=\"2387\" data-end=\"2697\"><li data-start=\"2387\" data-end=\"2465\"><p data-start=\"2390\" data-end=\"2465\">Configuraci\u00f3n seg\u00fan tipo de cruce (simple, m\u00faltiple carril, semaforizado)<\/p><\/li><li data-start=\"2466\" data-end=\"2526\"><p data-start=\"2469\" data-end=\"2526\">Instalaci\u00f3n en poste\/tr\u00edpode con alimentaci\u00f3n el\u00e9ctrica<\/p><\/li><li data-start=\"2527\" data-end=\"2570\"><p data-start=\"2530\" data-end=\"2570\">Conexi\u00f3n RTMP\/IP para entrega de datos<\/p><\/li><li data-start=\"2571\" data-end=\"2624\"><p data-start=\"2574\" data-end=\"2624\">Configuraci\u00f3n de la AI para usuarios vulnerables<\/p><\/li><li data-start=\"2625\" data-end=\"2697\"><p data-start=\"2628\" data-end=\"2697\">Puesta en marcha con CAPTURA de infracciones y generaci\u00f3n de reportes<\/p><\/li><\/ol>\t\t\t\t\t\t\t\t<\/div>\n\t\t\t\t<\/div>\n\t\t\t\t<\/div>\n\t\t\t\t\t<\/div>\n\t\t\t\t<\/div>\n\t\t<div class=\"elementor-element elementor-element-14b869f e-flex e-con-boxed e-con e-parent\" data-id=\"14b869f\" data-element_type=\"container\">\n\t\t\t\t\t<div class=\"e-con-inner\">\n\t\t\t\t<div class=\"elementor-element elementor-element-8b38773 elementor-widget elementor-widget-html\" data-id=\"8b38773\" data-element_type=\"widget\" data-widget_type=\"html.default\">\n\t\t\t\t<div class=\"elementor-widget-container\">\n\t\t\t\t\t<a href=\"https:\/\/fixpagprueba.fixgroup.net\/wp-content\/uploads\/2025\/07\/Z6mtpZbqstJ9-aR-_RedLightEnforcement_Brochure_EN_web.pdf\" download class=\"boton-descarga\">Descargar Datasheet<\/a>\r\n\r\n<style>\r\n.boton-descarga {\r\n  display: inline-block;\r\n  padding: 10px 20px;\r\n  background-color: #0073aa;\r\n  color: white;\r\n  text-decoration: none;\r\n  border-radius: 5px;\r\n  font-weight: bold;\r\n}\r\n\r\n.boton-descarga:hover {\r\n  background-color: #005177;\r\n}\r\n<\/style>\r\n\t\t\t\t<\/div>\n\t\t\t\t<\/div>\n\t\t\t\t\t<\/div>\n\t\t\t\t<\/div>\n\t\t\t\t<\/div>\n\t\t","protected":false},"excerpt":{"rendered":"<p>Control de Intersecciones \u2013 Vitronic REDLIGHT Tecnolog\u00eda avanzada para seguridad y cumplimiento vial POLISCAN Redlight de Vitronic es un sistema modular e inteligente que act\u00faa sin sensores en calzada, combinando LIDAR y video para capturar infracciones semaf\u00f3ricas, velocidades, giros indebidos y cruce de l\u00edneas de alto, en entornos complejos. https:\/\/youtu.be\/jSniqy7rihs?si=fAoVr4b8mrxkyq-a [&hellip;]<\/p>\n","protected":false},"author":1,"featured_media":0,"parent":0,"menu_order":0,"comment_status":"closed","ping_status":"closed","template":"page-templates\/template-pagebuilder-full-width.php","meta":{"footnotes":""},"class_list":["post-361","page","type-page","status-publish","hentry"],"_links":{"self":[{"href":"https:\/\/fixpagprueba.fixgroup.net\/index.php?rest_route=\/wp\/v2\/pages\/361","targetHints":{"allow":["GET"]}}],"collection":[{"href":"https:\/\/fixpagprueba.fixgroup.net\/index.php?rest_route=\/wp\/v2\/pages"}],"about":[{"href":"https:\/\/fixpagprueba.fixgroup.net\/index.php?rest_route=\/wp\/v2\/types\/page"}],"author":[{"embeddable":true,"href":"https:\/\/fixpagprueba.fixgroup.net\/index.php?rest_route=\/wp\/v2\/users\/1"}],"replies":[{"embeddable":true,"href":"https:\/\/fixpagprueba.fixgroup.net\/index.php?rest_route=%2Fwp%2Fv2%2Fcomments&post=361"}],"version-history":[{"count":20,"href":"https:\/\/fixpagprueba.fixgroup.net\/index.php?rest_route=\/wp\/v2\/pages\/361\/revisions"}],"predecessor-version":[{"id":606,"href":"https:\/\/fixpagprueba.fixgroup.net\/index.php?rest_route=\/wp\/v2\/pages\/361\/revisions\/606"}],"wp:attachment":[{"href":"https:\/\/fixpagprueba.fixgroup.net\/index.php?rest_route=%2Fwp%2Fv2%2Fmedia&parent=361"}],"curies":[{"name":"wp","href":"https:\/\/api.w.org\/{rel}","templated":true}]}}